{"id":211,"date":"2024-10-13T01:21:08","date_gmt":"2024-10-12T18:21:08","guid":{"rendered":"https:\/\/localhome.vn\/?page_id=211"},"modified":"2025-03-13T23:25:22","modified_gmt":"2025-03-13T16:25:22","slug":"ticket-booking","status":"publish","type":"page","link":"https:\/\/localhome.vn\/ticket-booking\/","title":{"rendered":"Ticket Booking"},"content":{"rendered":"","protected":false},"excerpt":{"rendered":"","protected":false},"author":1,"featured_media":0,"parent":0,"menu_order":0,"comment_status":"closed","ping_status":"closed","template":"page-ticket-booking.php","meta":{"footnotes":""},"class_list":["post-211","page","type-page","status-publish","hentry"],"yoast_head":"<!-- This site is optimized with the Yoast SEO plugin v27.5 - https:\/\/yoast.com\/product\/yoast-seo-wordpress\/ -->\n<title>Ticket Booking - Localhome<\/title>\n<meta name=\"description\" content=\"\u0110\u1eb7t v\u00e9 homestay d\u1ec5 d\u00e0ng v\u00e0 nhanh ch\u00f3ng v\u1edbi h\u1ec7 th\u1ed1ng ticket booking tr\u1ef1c tuy\u1ebfn c\u1ee7a ch\u00fang t\u00f4i. L\u1ef1a ch\u1ecdn ph\u00f2ng y\u00eau th\u00edch, ki\u1ec3m tra t\u00ecnh tr\u1ea1ng ch\u1ed7 tr\u1ed1ng v\u00e0 thanh to\u00e1n ch\u1ec9 trong v\u00e0i ph\u00fat. Tr\u1ea3i nghi\u1ec7m k\u1ef3 ngh\u1ec9 \u0111\u00e1ng nh\u1edb t\u1ea1i Localhome ngay h\u00f4m nay!\" \/>\n<meta name=\"robots\" content=\"index, follow, max-snippet:-1, max-image-preview:large, max-video-preview:-1\" \/>\n<link rel=\"canonical\" href=\"https:\/\/localhome.vn\/ticket-booking\/\" \/>\n<meta property=\"og:locale\" content=\"vi_VN\" \/>\n<meta property=\"og:type\" content=\"article\" \/>\n<meta property=\"og:title\" content=\"Ticket Booking\" \/>\n<meta property=\"og:description\" content=\"\u0110\u1eb7t v\u00e9 homestay d\u1ec5 d\u00e0ng v\u00e0 nhanh ch\u00f3ng v\u1edbi h\u1ec7 th\u1ed1ng ticket booking tr\u1ef1c tuy\u1ebfn c\u1ee7a ch\u00fang t\u00f4i. L\u1ef1a ch\u1ecdn ph\u00f2ng y\u00eau th\u00edch, ki\u1ec3m tra t\u00ecnh tr\u1ea1ng ch\u1ed7 tr\u1ed1ng v\u00e0 thanh to\u00e1n ch\u1ec9 trong v\u00e0i ph\u00fat. Tr\u1ea3i nghi\u1ec7m k\u1ef3 ngh\u1ec9 \u0111\u00e1ng nh\u1edb t\u1ea1i Localhome ngay h\u00f4m nay!\" \/>\n<meta property=\"og:url\" content=\"https:\/\/localhome.vn\/ticket-booking\/\" \/>\n<meta property=\"og:site_name\" content=\"Localhome\" \/>\n<meta property=\"article:publisher\" content=\"https:\/\/www.facebook.com\/profile.php?id=61567521530908\" \/>\n<meta property=\"article:modified_time\" content=\"2025-03-13T16:25:22+00:00\" \/>\n<meta property=\"og:image\" content=\"https:\/\/localhome.vn\/uploads\/2025\/02\/stie-images-logo-1202.png\" \/>\n\t<meta property=\"og:image:width\" content=\"1200\" \/>\n\t<meta property=\"og:image:height\" content=\"675\" \/>\n\t<meta property=\"og:image:type\" content=\"image\/png\" \/>\n<meta name=\"twitter:card\" content=\"summary_large_image\" \/>\n<script type=\"application\/ld+json\" class=\"yoast-schema-graph\">{\"@context\":\"https:\\\/\\\/schema.org\",\"@graph\":[{\"@type\":\"WebPage\",\"@id\":\"https:\\\/\\\/localhome.vn\\\/ticket-booking\\\/\",\"url\":\"https:\\\/\\\/localhome.vn\\\/ticket-booking\\\/\",\"name\":\"Ticket Booking - Localhome\",\"isPartOf\":{\"@id\":\"https:\\\/\\\/localhome.vn\\\/#website\"},\"datePublished\":\"2024-10-12T18:21:08+00:00\",\"dateModified\":\"2025-03-13T16:25:22+00:00\",\"description\":\"\u0110\u1eb7t v\u00e9 homestay d\u1ec5 d\u00e0ng v\u00e0 nhanh ch\u00f3ng v\u1edbi h\u1ec7 th\u1ed1ng ticket booking tr\u1ef1c tuy\u1ebfn c\u1ee7a ch\u00fang t\u00f4i. L\u1ef1a ch\u1ecdn ph\u00f2ng y\u00eau th\u00edch, ki\u1ec3m tra t\u00ecnh tr\u1ea1ng ch\u1ed7 tr\u1ed1ng v\u00e0 thanh to\u00e1n ch\u1ec9 trong v\u00e0i ph\u00fat. Tr\u1ea3i nghi\u1ec7m k\u1ef3 ngh\u1ec9 \u0111\u00e1ng nh\u1edb t\u1ea1i Localhome ngay h\u00f4m nay!\",\"breadcrumb\":{\"@id\":\"https:\\\/\\\/localhome.vn\\\/ticket-booking\\\/#breadcrumb\"},\"inLanguage\":\"vi\",\"potentialAction\":[{\"@type\":\"ReadAction\",\"target\":[\"https:\\\/\\\/localhome.vn\\\/ticket-booking\\\/\"]}]},{\"@type\":\"BreadcrumbList\",\"@id\":\"https:\\\/\\\/localhome.vn\\\/ticket-booking\\\/#breadcrumb\",\"itemListElement\":[{\"@type\":\"ListItem\",\"position\":1,\"name\":\"Home\",\"item\":\"https:\\\/\\\/localhome.vn\\\/\"},{\"@type\":\"ListItem\",\"position\":2,\"name\":\"Ticket Booking\"}]},{\"@type\":\"WebSite\",\"@id\":\"https:\\\/\\\/localhome.vn\\\/#website\",\"url\":\"https:\\\/\\\/localhome.vn\\\/\",\"name\":\"Localhome\",\"description\":\"Homestay t\u1ef1 \u0111\u1ed9ng kh\u00f4ng l\u1ec5 t\u00e2n\",\"publisher\":{\"@id\":\"https:\\\/\\\/localhome.vn\\\/#organization\"},\"potentialAction\":[{\"@type\":\"SearchAction\",\"target\":{\"@type\":\"EntryPoint\",\"urlTemplate\":\"https:\\\/\\\/localhome.vn\\\/?s={search_term_string}\"},\"query-input\":{\"@type\":\"PropertyValueSpecification\",\"valueRequired\":true,\"valueName\":\"search_term_string\"}}],\"inLanguage\":\"vi\"},{\"@type\":\"Organization\",\"@id\":\"https:\\\/\\\/localhome.vn\\\/#organization\",\"name\":\"Localhome\",\"url\":\"https:\\\/\\\/localhome.vn\\\/\",\"logo\":{\"@type\":\"ImageObject\",\"inLanguage\":\"vi\",\"@id\":\"https:\\\/\\\/localhome.vn\\\/#\\\/schema\\\/logo\\\/image\\\/\",\"url\":\"https:\\\/\\\/localhome.vn\\\/uploads\\\/2024\\\/10\\\/favicon-localhome.png\",\"contentUrl\":\"https:\\\/\\\/localhome.vn\\\/uploads\\\/2024\\\/10\\\/favicon-localhome.png\",\"width\":512,\"height\":512,\"caption\":\"Localhome\"},\"image\":{\"@id\":\"https:\\\/\\\/localhome.vn\\\/#\\\/schema\\\/logo\\\/image\\\/\"},\"sameAs\":[\"https:\\\/\\\/www.facebook.com\\\/profile.php?id=61567521530908\"]}]}<\/script>\n<!-- \/ Yoast SEO plugin. -->","yoast_head_json":{"title":"Ticket Booking - Localhome","description":"\u0110\u1eb7t v\u00e9 homestay d\u1ec5 d\u00e0ng v\u00e0 nhanh ch\u00f3ng v\u1edbi h\u1ec7 th\u1ed1ng ticket booking tr\u1ef1c tuy\u1ebfn c\u1ee7a ch\u00fang t\u00f4i. L\u1ef1a ch\u1ecdn ph\u00f2ng y\u00eau th\u00edch, ki\u1ec3m tra t\u00ecnh tr\u1ea1ng ch\u1ed7 tr\u1ed1ng v\u00e0 thanh to\u00e1n ch\u1ec9 trong v\u00e0i ph\u00fat. Tr\u1ea3i nghi\u1ec7m k\u1ef3 ngh\u1ec9 \u0111\u00e1ng nh\u1edb t\u1ea1i Localhome ngay h\u00f4m nay!","robots":{"index":"index","follow":"follow","max-snippet":"max-snippet:-1","max-image-preview":"max-image-preview:large","max-video-preview":"max-video-preview:-1"},"canonical":"https:\/\/localhome.vn\/ticket-booking\/","og_locale":"vi_VN","og_type":"article","og_title":"Ticket Booking","og_description":"\u0110\u1eb7t v\u00e9 homestay d\u1ec5 d\u00e0ng v\u00e0 nhanh ch\u00f3ng v\u1edbi h\u1ec7 th\u1ed1ng ticket booking tr\u1ef1c tuy\u1ebfn c\u1ee7a ch\u00fang t\u00f4i. L\u1ef1a ch\u1ecdn ph\u00f2ng y\u00eau th\u00edch, ki\u1ec3m tra t\u00ecnh tr\u1ea1ng ch\u1ed7 tr\u1ed1ng v\u00e0 thanh to\u00e1n ch\u1ec9 trong v\u00e0i ph\u00fat. Tr\u1ea3i nghi\u1ec7m k\u1ef3 ngh\u1ec9 \u0111\u00e1ng nh\u1edb t\u1ea1i Localhome ngay h\u00f4m nay!","og_url":"https:\/\/localhome.vn\/ticket-booking\/","og_site_name":"Localhome","article_publisher":"https:\/\/www.facebook.com\/profile.php?id=61567521530908","article_modified_time":"2025-03-13T16:25:22+00:00","og_image":[{"width":1200,"height":675,"url":"https:\/\/localhome.vn\/uploads\/2025\/02\/stie-images-logo-1202.png","type":"image\/png"}],"twitter_card":"summary_large_image","schema":{"@context":"https:\/\/schema.org","@graph":[{"@type":"WebPage","@id":"https:\/\/localhome.vn\/ticket-booking\/","url":"https:\/\/localhome.vn\/ticket-booking\/","name":"Ticket Booking - Localhome","isPartOf":{"@id":"https:\/\/localhome.vn\/#website"},"datePublished":"2024-10-12T18:21:08+00:00","dateModified":"2025-03-13T16:25:22+00:00","description":"\u0110\u1eb7t v\u00e9 homestay d\u1ec5 d\u00e0ng v\u00e0 nhanh ch\u00f3ng v\u1edbi h\u1ec7 th\u1ed1ng ticket booking tr\u1ef1c tuy\u1ebfn c\u1ee7a ch\u00fang t\u00f4i. L\u1ef1a ch\u1ecdn ph\u00f2ng y\u00eau th\u00edch, ki\u1ec3m tra t\u00ecnh tr\u1ea1ng ch\u1ed7 tr\u1ed1ng v\u00e0 thanh to\u00e1n ch\u1ec9 trong v\u00e0i ph\u00fat. Tr\u1ea3i nghi\u1ec7m k\u1ef3 ngh\u1ec9 \u0111\u00e1ng nh\u1edb t\u1ea1i Localhome ngay h\u00f4m nay!","breadcrumb":{"@id":"https:\/\/localhome.vn\/ticket-booking\/#breadcrumb"},"inLanguage":"vi","potentialAction":[{"@type":"ReadAction","target":["https:\/\/localhome.vn\/ticket-booking\/"]}]},{"@type":"BreadcrumbList","@id":"https:\/\/localhome.vn\/ticket-booking\/#breadcrumb","itemListElement":[{"@type":"ListItem","position":1,"name":"Home","item":"https:\/\/localhome.vn\/"},{"@type":"ListItem","position":2,"name":"Ticket Booking"}]},{"@type":"WebSite","@id":"https:\/\/localhome.vn\/#website","url":"https:\/\/localhome.vn\/","name":"Localhome","description":"Homestay t\u1ef1 \u0111\u1ed9ng kh\u00f4ng l\u1ec5 t\u00e2n","publisher":{"@id":"https:\/\/localhome.vn\/#organization"},"potentialAction":[{"@type":"SearchAction","target":{"@type":"EntryPoint","urlTemplate":"https:\/\/localhome.vn\/?s={search_term_string}"},"query-input":{"@type":"PropertyValueSpecification","valueRequired":true,"valueName":"search_term_string"}}],"inLanguage":"vi"},{"@type":"Organization","@id":"https:\/\/localhome.vn\/#organization","name":"Localhome","url":"https:\/\/localhome.vn\/","logo":{"@type":"ImageObject","inLanguage":"vi","@id":"https:\/\/localhome.vn\/#\/schema\/logo\/image\/","url":"https:\/\/localhome.vn\/uploads\/2024\/10\/favicon-localhome.png","contentUrl":"https:\/\/localhome.vn\/uploads\/2024\/10\/favicon-localhome.png","width":512,"height":512,"caption":"Localhome"},"image":{"@id":"https:\/\/localhome.vn\/#\/schema\/logo\/image\/"},"sameAs":["https:\/\/www.facebook.com\/profile.php?id=61567521530908"]}]}},"_links":{"self":[{"href":"https:\/\/localhome.vn\/wp-json\/wp\/v2\/pages\/211","targetHints":{"allow":["GET"]}}],"collection":[{"href":"https:\/\/localhome.vn\/wp-json\/wp\/v2\/pages"}],"about":[{"href":"https:\/\/localhome.vn\/wp-json\/wp\/v2\/types\/page"}],"author":[{"embeddable":true,"href":"https:\/\/localhome.vn\/wp-json\/wp\/v2\/users\/1"}],"replies":[{"embeddable":true,"href":"https:\/\/localhome.vn\/wp-json\/wp\/v2\/comments?post=211"}],"version-history":[{"count":1,"href":"https:\/\/localhome.vn\/wp-json\/wp\/v2\/pages\/211\/revisions"}],"predecessor-version":[{"id":212,"href":"https:\/\/localhome.vn\/wp-json\/wp\/v2\/pages\/211\/revisions\/212"}],"wp:attachment":[{"href":"https:\/\/localhome.vn\/wp-json\/wp\/v2\/media?parent=211"}],"curies":[{"name":"wp","href":"https:\/\/api.w.org\/{rel}","templated":true}]}}