{"id":366,"date":"2024-11-30T16:52:43","date_gmt":"2024-11-30T09:52:43","guid":{"rendered":"https:\/\/localhome.vn\/?page_id=366"},"modified":"2025-03-26T13:19:25","modified_gmt":"2025-03-26T06:19:25","slug":"hop-tac-nhuong-quyen","status":"publish","type":"page","link":"https:\/\/localhome.vn\/hop-tac-nhuong-quyen\/","title":{"rendered":"H\u1ee3p t\u00e1c \/ nh\u01b0\u1ee3ng quy\u1ec1n"},"content":{"rendered":"\n<figure class=\"wp-block-video\"><video autoplay controls src=\"https:\/\/localhome.vn\/uploads\/2024\/12\/Blue-Modern-Professional-Business-Plan-YouTube-Intros-1.mp4\"><\/video><\/figure>\n\n\n\n<p>B\u1ea1n \u0111ang c\u00f3 s\u1eb5n Homestay \/ Kh\u00e1ch s\u1ea1n mu\u1ed1n t\u0103ng n\u00e2ng su\u1ea5t ho\u1eb7c \u0111ang c\u00f3 mong mu\u1ed1n x\u00e2y d\u1ef1ng m\u1edbi cho m\u00ecnh m\u1ed9t h\u1ec7 th\u1ed1ng Homestay \/ Kh\u00e1ch s\u1ea1n hi\u1ec7u qu\u1ea3 h\u00e3y li\u00ean h\u1ec7 ch\u00fang t\u00f4i, v\u1edbi \u0111\u1ed9i ng\u0169 chuy\u00ean nghi\u1ec7p v\u00e0 hi\u1ec7n \u0111\u1ea1i s\u1ebd gi\u00fap b\u1ea1n khai th\u00e1c 200% n\u00e2ng su\u1ea5t, hotline li\u00ean h\u1ec7 h\u1ee3p t\u00e1c kinh doanh 090.141.6888 (Mr T\u00e0i), kh\u00e1ch h\u00e0ng \u0111\u1eb7t ph\u00f2ng c\u1ea7n h\u1ed7 tr\u1ee3 th\u00ec vui l\u00f2ng li\u00ean h\u1ec7 0796824888.<\/p>\n\n\n\n<p class=\"has-large-font-size\"><strong>Ch\u00fang t\u00f4i s\u1ebd l\u00e0 g\u00ec \u0111\u1ec3 t\u1ea1o ra l\u1ee3i th\u1ebf cho b\u1ea1n ?<\/strong><\/p>\n\n\n\n<p><strong>\u0110\u1ed1i v\u1edbi kh\u00e1ch s\u1ea1n\/homestay \u0111ang ho\u1ea1t \u0111\u1ed9ng<\/strong> :<\/p>\n\n\n\n<ul class=\"wp-block-list\">\n<li>Ch\u00fang t\u00f4i s\u1ebd t\u00e1ch ph\u00f2ng b\u1ea1n ra l\u00e0m 4 khung gi\u1edd \u0111\u1ec3 t\u0103ng l\u01b0\u1ee3t b\u00e1n ph\u00f2ng t\u1eeb 1 l\u00ean 4 l\u01b0\u1ee3t.<\/li>\n\n\n\n<li>\u00c1p d\u1ee5ng c\u00f4ng ngh\u1ec7 v\u00e0o quy tr\u00ecnh v\u1eadn h\u00e0nh gi\u00fap \u0111i\u1ec1u h\u00e0nh g\u1ecdn nh\u1eb9 v\u00e0 \u0111\u01a1n gi\u1ea3n h\u01a1n.<\/li>\n\n\n\n<li>T\u01b0 v\u1ea5n thi\u1ebft k\u1ebf mi\u1ec5n ph\u00ed cho ph\u00f9 h\u1ee3p v\u1edbi \u0111\u1ed1i t\u01b0\u1ee3ng kh\u00e1ch h\u00e0ng<strong>.<\/strong><\/li>\n\n\n\n<li>Mang l\u1ea1i ngu\u1ed3n kh\u00e1ch h\u00e0ng ch\u1ea5t l\u01b0\u1ee3ng v\u00e0 \u1ed5n \u0111\u1ecbnh cho Home c\u1ee7a b\u1ea1n.<\/li>\n<\/ul>\n\n\n\n<p><strong>\u0110\u1ed1i v\u1edbi nh\u00e0 \u0111\u1ea7u t\u01b0 m\u1edbi ngo\u00e0i c\u00e1c l\u1ee3i \u00edch ph\u00eda tr\u00ean, c\u00f2n \u0111\u01b0\u1ee3c c\u00e1c h\u1ed7 tr\u1ee3 sau :<\/strong><\/p>\n\n\n\n<ul class=\"wp-block-list\">\n<li>\u0110\u01b0\u1ee3c h\u1ed7 tr\u1ee3 x\u00e2y d\u1ef1ng to\u00e0n b\u1ed9 quy tr\u00ecnh, traing nh\u00e2n vi\u00ean v\u00e0 h\u01b0\u1edbng d\u1eabn to\u00e0n b\u1ed9 k\u1ef9 thu\u1eadt.<\/li>\n\n\n\n<li>H\u1ed7 tr\u1ee3 v\u1eadn h\u00e0nh trong su\u1ed1t th\u1eddi gian h\u1ee3p t\u00e1c.<\/li>\n\n\n\n<li>H\u1ed7 tr\u1ee3 x\u00e2y d\u1ef1ng v\u00e0 ho\u00e0n th\u00e0nh Home \u0111\u1ebfn khi \u0111i v\u00e0o ho\u1ea1t \u0111\u1ed9ng.<\/li>\n<\/ul>\n\n\n\n<p>H\u00c3Y LI\u00caN H\u1ec6 V\u1edaI CH\u00daNG T\u00d4I \u0110\u1ec2 L\u00c0 NG\u01af\u1edcI TI\u00caN PHONG , HOTLINE 0901416888 (MR T\u00c0I)<\/p>\n\n\n\n<p class=\"has-large-font-size\"><strong>Homestay kh\u00f4ng l\u1ec5 t\u00e2n l\u00e0 g\u00ec?<\/strong> Xem clip b\u00ean d\u01b0\u1edbi :<\/p>\n\n\n\n<figure class=\"wp-block-embed is-type-video is-provider-tiktok wp-block-embed-tiktok\"><div class=\"wp-block-embed__wrapper\">\n<blockquote class=\"tiktok-embed\" cite=\"https:\/\/www.tiktok.com\/@homestay_khongletan\/video\/7428036852084509969\" data-video-id=\"7428036852084509969\" data-embed-from=\"oembed\" style=\"max-width:605px; min-width:325px;\"> <section> <a target=\"_blank\" title=\"@homestay_khongletan\" href=\"https:\/\/www.tiktok.com\/@homestay_khongletan?refer=embed\">@homestay_khongletan<\/a> <p>H\u1eb9n h\u00f2 ri\u00eang t\u01b0, Homestay t\u1ef1 check in kh\u00f4ng l\u1ec5 t\u00e2n \u0111\u1ea7u ti\u00ean t\u1ea1i C\u1ea7n Th\u01a1 c\u00f3 m\u00e1y chi\u1ebfu full HD si\u00eau n\u00e9t v\u00e0 b\u1ed3n t\u1eafm x\u1ecbn x\u00f2 \ud83d\udc49 T\u1ef1 booking t\u1ea1i link bio <a title=\"homestaycantho\" target=\"_blank\" href=\"https:\/\/www.tiktok.com\/tag\/homestaycantho?refer=embed\">#homestaycantho<\/a> <a title=\"homestaytucheckin\" target=\"_blank\" href=\"https:\/\/www.tiktok.com\/tag\/homestaytucheckin?refer=embed\">#homestaytucheckin<\/a> <a title=\"reviewhomestaycantho\" target=\"_blank\" href=\"https:\/\/www.tiktok.com\/tag\/reviewhomestaycantho?refer=embed\">#reviewhomestaycantho<\/a> <a title=\"cantho\" target=\"_blank\" href=\"https:\/\/www.tiktok.com\/tag\/cantho?refer=embed\">#cantho<\/a> <a title=\"homestaynetflix\" target=\"_blank\" href=\"https:\/\/www.tiktok.com\/tag\/homestaynetflix?refer=embed\">#homestaynetflix<\/a> <a title=\"cgv\" target=\"_blank\" href=\"https:\/\/www.tiktok.com\/tag\/cgv?refer=embed\">#cgv<\/a><\/p> <a target=\"_blank\" title=\"\u266c nh\u1ea1c n\u1ec1n - LocalHome.Vn - Local Home Mi\u1ec1n Nam\" href=\"https:\/\/www.tiktok.com\/music\/nh\u1ea1c-n\u1ec1n-LocalHomeVn-7428037394353441552?refer=embed\">\u266c nh\u1ea1c n\u1ec1n &#8211; LocalHome.Vn &#8211; Local Home Mi\u1ec1n Nam<\/a> <\/section> <\/blockquote> <script async src=\"https:\/\/www.tiktok.com\/embed.js\"><\/script>\n<\/div><\/figure>\n\n\n\n<p class=\"has-large-font-size\"><\/p>\n\n\n\n<p><\/p>\n\n\n\n<p><\/p>\n\n\n\n<figure class=\"wp-block-gallery has-nested-images columns-default is-cropped wp-block-gallery-1 is-layout-flex wp-block-gallery-is-layout-flex\"><\/figure>\n","protected":false},"excerpt":{"rendered":"<p>B\u1ea1n \u0111ang c\u00f3 s\u1eb5n Homestay \/ Kh\u00e1ch s\u1ea1n mu\u1ed1n t\u0103ng n\u00e2ng su\u1ea5t ho\u1eb7c \u0111ang c\u00f3 mong mu\u1ed1n x\u00e2y d\u1ef1ng m\u1edbi cho m\u00ecnh m\u1ed9t h\u1ec7 th\u1ed1ng Homestay \/ Kh\u00e1ch s\u1ea1n hi\u1ec7u qu\u1ea3 h\u00e3y li\u00ean h\u1ec7 ch\u00fang t\u00f4i, v\u1edbi \u0111\u1ed9i ng\u0169 chuy\u00ean nghi\u1ec7p v\u00e0 hi\u1ec7n \u0111\u1ea1i s\u1ebd&#8230;<\/p>\n","protected":false},"author":1,"featured_media":0,"parent":0,"menu_order":0,"comment_status":"closed","ping_status":"closed","template":"page-left-sidebar.php","meta":{"footnotes":""},"class_list":["post-366","page","type-page","status-publish","hentry"],"yoast_head":"<!-- This site is optimized with the Yoast SEO plugin v27.5 - https:\/\/yoast.com\/product\/yoast-seo-wordpress\/ -->\n<title>H\u1ee3p t\u00e1c \/ nh\u01b0\u1ee3ng quy\u1ec1n - Localhome<\/title>\n<meta name=\"robots\" content=\"index, follow, max-snippet:-1, max-image-preview:large, max-video-preview:-1\" \/>\n<link rel=\"canonical\" href=\"https:\/\/localhome.vn\/hop-tac-nhuong-quyen\/\" \/>\n<meta property=\"og:locale\" content=\"vi_VN\" \/>\n<meta property=\"og:type\" content=\"article\" \/>\n<meta property=\"og:title\" content=\"H\u1ee3p t\u00e1c \/ nh\u01b0\u1ee3ng quy\u1ec1n - Localhome\" \/>\n<meta property=\"og:description\" content=\"B\u1ea1n \u0111ang c\u00f3 s\u1eb5n Homestay \/ Kh\u00e1ch s\u1ea1n mu\u1ed1n t\u0103ng n\u00e2ng su\u1ea5t ho\u1eb7c \u0111ang c\u00f3 mong mu\u1ed1n x\u00e2y d\u1ef1ng m\u1edbi cho m\u00ecnh m\u1ed9t h\u1ec7 th\u1ed1ng Homestay \/ Kh\u00e1ch s\u1ea1n hi\u1ec7u qu\u1ea3 h\u00e3y li\u00ean h\u1ec7 ch\u00fang t\u00f4i, v\u1edbi \u0111\u1ed9i ng\u0169 chuy\u00ean nghi\u1ec7p v\u00e0 hi\u1ec7n \u0111\u1ea1i s\u1ebd...\" \/>\n<meta property=\"og:url\" content=\"https:\/\/localhome.vn\/hop-tac-nhuong-quyen\/\" \/>\n<meta property=\"og:site_name\" content=\"Localhome\" \/>\n<meta property=\"article:publisher\" content=\"https:\/\/www.facebook.com\/profile.php?id=61567521530908\" \/>\n<meta property=\"article:modified_time\" content=\"2025-03-26T06:19:25+00:00\" \/>\n<meta property=\"og:image\" content=\"https:\/\/localhome.vn\/uploads\/2025\/02\/stie-images-logo-1202.png\" \/>\n\t<meta property=\"og:image:width\" content=\"1200\" \/>\n\t<meta property=\"og:image:height\" content=\"675\" \/>\n\t<meta property=\"og:image:type\" content=\"image\/png\" \/>\n<meta name=\"twitter:card\" content=\"summary_large_image\" \/>\n<meta name=\"twitter:label1\" content=\"\u01af\u1edbc t\u00ednh th\u1eddi gian \u0111\u1ecdc\" \/>\n\t<meta name=\"twitter:data1\" content=\"2 ph\u00fat\" \/>\n<script type=\"application\/ld+json\" class=\"yoast-schema-graph\">{\"@context\":\"https:\\\/\\\/schema.org\",\"@graph\":[{\"@type\":\"WebPage\",\"@id\":\"https:\\\/\\\/localhome.vn\\\/hop-tac-nhuong-quyen\\\/\",\"url\":\"https:\\\/\\\/localhome.vn\\\/hop-tac-nhuong-quyen\\\/\",\"name\":\"H\u1ee3p t\u00e1c \\\/ nh\u01b0\u1ee3ng quy\u1ec1n - Localhome\",\"isPartOf\":{\"@id\":\"https:\\\/\\\/localhome.vn\\\/#website\"},\"datePublished\":\"2024-11-30T09:52:43+00:00\",\"dateModified\":\"2025-03-26T06:19:25+00:00\",\"breadcrumb\":{\"@id\":\"https:\\\/\\\/localhome.vn\\\/hop-tac-nhuong-quyen\\\/#breadcrumb\"},\"inLanguage\":\"vi\",\"potentialAction\":[{\"@type\":\"ReadAction\",\"target\":[\"https:\\\/\\\/localhome.vn\\\/hop-tac-nhuong-quyen\\\/\"]}]},{\"@type\":\"BreadcrumbList\",\"@id\":\"https:\\\/\\\/localhome.vn\\\/hop-tac-nhuong-quyen\\\/#breadcrumb\",\"itemListElement\":[{\"@type\":\"ListItem\",\"position\":1,\"name\":\"Home\",\"item\":\"https:\\\/\\\/localhome.vn\\\/\"},{\"@type\":\"ListItem\",\"position\":2,\"name\":\"H\u1ee3p t\u00e1c \\\/ nh\u01b0\u1ee3ng quy\u1ec1n\"}]},{\"@type\":\"WebSite\",\"@id\":\"https:\\\/\\\/localhome.vn\\\/#website\",\"url\":\"https:\\\/\\\/localhome.vn\\\/\",\"name\":\"Localhome\",\"description\":\"Homestay t\u1ef1 \u0111\u1ed9ng kh\u00f4ng l\u1ec5 t\u00e2n\",\"publisher\":{\"@id\":\"https:\\\/\\\/localhome.vn\\\/#organization\"},\"potentialAction\":[{\"@type\":\"SearchAction\",\"target\":{\"@type\":\"EntryPoint\",\"urlTemplate\":\"https:\\\/\\\/localhome.vn\\\/?s={search_term_string}\"},\"query-input\":{\"@type\":\"PropertyValueSpecification\",\"valueRequired\":true,\"valueName\":\"search_term_string\"}}],\"inLanguage\":\"vi\"},{\"@type\":\"Organization\",\"@id\":\"https:\\\/\\\/localhome.vn\\\/#organization\",\"name\":\"Localhome\",\"url\":\"https:\\\/\\\/localhome.vn\\\/\",\"logo\":{\"@type\":\"ImageObject\",\"inLanguage\":\"vi\",\"@id\":\"https:\\\/\\\/localhome.vn\\\/#\\\/schema\\\/logo\\\/image\\\/\",\"url\":\"https:\\\/\\\/localhome.vn\\\/uploads\\\/2024\\\/10\\\/favicon-localhome.png\",\"contentUrl\":\"https:\\\/\\\/localhome.vn\\\/uploads\\\/2024\\\/10\\\/favicon-localhome.png\",\"width\":512,\"height\":512,\"caption\":\"Localhome\"},\"image\":{\"@id\":\"https:\\\/\\\/localhome.vn\\\/#\\\/schema\\\/logo\\\/image\\\/\"},\"sameAs\":[\"https:\\\/\\\/www.facebook.com\\\/profile.php?id=61567521530908\"]}]}<\/script>\n<!-- \/ Yoast SEO plugin. -->","yoast_head_json":{"title":"H\u1ee3p t\u00e1c \/ nh\u01b0\u1ee3ng quy\u1ec1n - Localhome","robots":{"index":"index","follow":"follow","max-snippet":"max-snippet:-1","max-image-preview":"max-image-preview:large","max-video-preview":"max-video-preview:-1"},"canonical":"https:\/\/localhome.vn\/hop-tac-nhuong-quyen\/","og_locale":"vi_VN","og_type":"article","og_title":"H\u1ee3p t\u00e1c \/ nh\u01b0\u1ee3ng quy\u1ec1n - Localhome","og_description":"B\u1ea1n \u0111ang c\u00f3 s\u1eb5n Homestay \/ Kh\u00e1ch s\u1ea1n mu\u1ed1n t\u0103ng n\u00e2ng su\u1ea5t ho\u1eb7c \u0111ang c\u00f3 mong mu\u1ed1n x\u00e2y d\u1ef1ng m\u1edbi cho m\u00ecnh m\u1ed9t h\u1ec7 th\u1ed1ng Homestay \/ Kh\u00e1ch s\u1ea1n hi\u1ec7u qu\u1ea3 h\u00e3y li\u00ean h\u1ec7 ch\u00fang t\u00f4i, v\u1edbi \u0111\u1ed9i ng\u0169 chuy\u00ean nghi\u1ec7p v\u00e0 hi\u1ec7n \u0111\u1ea1i s\u1ebd...","og_url":"https:\/\/localhome.vn\/hop-tac-nhuong-quyen\/","og_site_name":"Localhome","article_publisher":"https:\/\/www.facebook.com\/profile.php?id=61567521530908","article_modified_time":"2025-03-26T06:19:25+00:00","og_image":[{"width":1200,"height":675,"url":"https:\/\/localhome.vn\/uploads\/2025\/02\/stie-images-logo-1202.png","type":"image\/png"}],"twitter_card":"summary_large_image","twitter_misc":{"\u01af\u1edbc t\u00ednh th\u1eddi gian \u0111\u1ecdc":"2 ph\u00fat"},"schema":{"@context":"https:\/\/schema.org","@graph":[{"@type":"WebPage","@id":"https:\/\/localhome.vn\/hop-tac-nhuong-quyen\/","url":"https:\/\/localhome.vn\/hop-tac-nhuong-quyen\/","name":"H\u1ee3p t\u00e1c \/ nh\u01b0\u1ee3ng quy\u1ec1n - Localhome","isPartOf":{"@id":"https:\/\/localhome.vn\/#website"},"datePublished":"2024-11-30T09:52:43+00:00","dateModified":"2025-03-26T06:19:25+00:00","breadcrumb":{"@id":"https:\/\/localhome.vn\/hop-tac-nhuong-quyen\/#breadcrumb"},"inLanguage":"vi","potentialAction":[{"@type":"ReadAction","target":["https:\/\/localhome.vn\/hop-tac-nhuong-quyen\/"]}]},{"@type":"BreadcrumbList","@id":"https:\/\/localhome.vn\/hop-tac-nhuong-quyen\/#breadcrumb","itemListElement":[{"@type":"ListItem","position":1,"name":"Home","item":"https:\/\/localhome.vn\/"},{"@type":"ListItem","position":2,"name":"H\u1ee3p t\u00e1c \/ nh\u01b0\u1ee3ng quy\u1ec1n"}]},{"@type":"WebSite","@id":"https:\/\/localhome.vn\/#website","url":"https:\/\/localhome.vn\/","name":"Localhome","description":"Homestay t\u1ef1 \u0111\u1ed9ng kh\u00f4ng l\u1ec5 t\u00e2n","publisher":{"@id":"https:\/\/localhome.vn\/#organization"},"potentialAction":[{"@type":"SearchAction","target":{"@type":"EntryPoint","urlTemplate":"https:\/\/localhome.vn\/?s={search_term_string}"},"query-input":{"@type":"PropertyValueSpecification","valueRequired":true,"valueName":"search_term_string"}}],"inLanguage":"vi"},{"@type":"Organization","@id":"https:\/\/localhome.vn\/#organization","name":"Localhome","url":"https:\/\/localhome.vn\/","logo":{"@type":"ImageObject","inLanguage":"vi","@id":"https:\/\/localhome.vn\/#\/schema\/logo\/image\/","url":"https:\/\/localhome.vn\/uploads\/2024\/10\/favicon-localhome.png","contentUrl":"https:\/\/localhome.vn\/uploads\/2024\/10\/favicon-localhome.png","width":512,"height":512,"caption":"Localhome"},"image":{"@id":"https:\/\/localhome.vn\/#\/schema\/logo\/image\/"},"sameAs":["https:\/\/www.facebook.com\/profile.php?id=61567521530908"]}]}},"_links":{"self":[{"href":"https:\/\/localhome.vn\/wp-json\/wp\/v2\/pages\/366","targetHints":{"allow":["GET"]}}],"collection":[{"href":"https:\/\/localhome.vn\/wp-json\/wp\/v2\/pages"}],"about":[{"href":"https:\/\/localhome.vn\/wp-json\/wp\/v2\/types\/page"}],"author":[{"embeddable":true,"href":"https:\/\/localhome.vn\/wp-json\/wp\/v2\/users\/1"}],"replies":[{"embeddable":true,"href":"https:\/\/localhome.vn\/wp-json\/wp\/v2\/comments?post=366"}],"version-history":[{"count":15,"href":"https:\/\/localhome.vn\/wp-json\/wp\/v2\/pages\/366\/revisions"}],"predecessor-version":[{"id":1385,"href":"https:\/\/localhome.vn\/wp-json\/wp\/v2\/pages\/366\/revisions\/1385"}],"wp:attachment":[{"href":"https:\/\/localhome.vn\/wp-json\/wp\/v2\/media?parent=366"}],"curies":[{"name":"wp","href":"https:\/\/api.w.org\/{rel}","templated":true}]}}