{"id":4949,"date":"2026-04-12T20:09:19","date_gmt":"2026-04-12T13:09:19","guid":{"rendered":"https:\/\/localhome.vn\/?page_id=4949"},"modified":"2026-04-12T20:09:20","modified_gmt":"2026-04-12T13:09:20","slug":"cac-phuong-thuc-thanh-toan","status":"publish","type":"page","link":"https:\/\/localhome.vn\/cac-phuong-thuc-thanh-toan\/","title":{"rendered":"C\u00e1c ph\u01b0\u01a1ng th\u1ee9c thanh to\u00e1n"},"content":{"rendered":"\n<h2 class=\"wp-block-heading\"><strong>1.Thanh to\u00e1n tr\u1ef1c tuy\u1ebfn b\u1eb1ng m\u00e3 QR:<\/strong><\/h2>\n\n\n\n<p>Sau khi \u0111\u1eb7t ph\u00f2ng th\u00e0nh c\u00f4ng, qu\u00fd kh\u00e1ch s\u1ebd nh\u1eadn \u0111\u01b0\u1ee3c th\u00f4ng tin thanh to\u00e1n tr\u1ef1c tuy\u1ebfn qua QR tr\u00ean website. Khi thanh to\u00e1n th\u00e0nh c\u00f4ng, qu\u00fd kh\u00e1ch s\u1ebd nh\u1eadn \u0111\u01b0\u1ee3c th\u00f4ng tin c\u1ee7a booking \u0111\u01b0\u1ee3c g\u1eedi \u0111\u1ebfn s\u1ed1 \u0111i\u1ec7n tho\u1ea1i c\u1ee7a qu\u00fd kh\u00e1ch.<\/p>\n\n\n\n<figure class=\"wp-block-image\"><img loading=\"lazy\" decoding=\"async\" width=\"905\" height=\"638\" src=\"https:\/\/localhome.vn\/uploads\/2024\/12\/image-46.png\" alt=\"\" class=\"wp-image-592\" srcset=\"https:\/\/localhome.vn\/uploads\/2024\/12\/image-46.png 905w, https:\/\/localhome.vn\/uploads\/2024\/12\/image-46-300x211.png 300w, https:\/\/localhome.vn\/uploads\/2024\/12\/image-46-768x541.png 768w\" sizes=\"auto, (max-width: 905px) 100vw, 905px\" \/><\/figure>\n\n\n\n<h2 class=\"wp-block-heading\">2. Thanh to\u00e1n b\u1eb1ng chuy\u1ec3n kho\u1ea3n ng\u00e2n h\u00e0ng:<\/h2>\n\n\n\n<p>T\u00ean t\u00e0i kho\u1ea3n:&nbsp;<strong>Tr\u1ea7n Kim T\u00e0i<\/strong><\/p>\n\n\n\n<p>S\u1ed1 t\u00e0i kho\u1ea3n:&nbsp;<strong>9624768888<\/strong><\/p>\n\n\n\n<p>N\u1ed9i dung:&nbsp;<strong>LC\u201dM\u00c3\u0110\u1eb6TH\u00c0NG<\/strong>\u201d (v\u00ed d\u1ee5: LC1554)<\/p>\n\n\n\n<p>T\u1ea1i:&nbsp;<strong>Ng\u00e2n h\u00e0ng TMCP \u0110\u1ea7u t\u01b0 v\u00e0 Ph\u00e1t tri\u1ec3n Vi\u1ec7t Nam \u2013 BIDV<\/strong><\/p>\n","protected":false},"excerpt":{"rendered":"<p>1.Thanh to\u00e1n tr\u1ef1c tuy\u1ebfn b\u1eb1ng m\u00e3 QR: Sau khi \u0111\u1eb7t ph\u00f2ng th\u00e0nh c\u00f4ng, qu\u00fd kh\u00e1ch s\u1ebd nh\u1eadn \u0111\u01b0\u1ee3c th\u00f4ng tin thanh to\u00e1n tr\u1ef1c tuy\u1ebfn qua QR tr\u00ean website. Khi thanh to\u00e1n th\u00e0nh c\u00f4ng, qu\u00fd kh\u00e1ch s\u1ebd nh\u1eadn \u0111\u01b0\u1ee3c th\u00f4ng tin c\u1ee7a booking \u0111\u01b0\u1ee3c g\u1eedi \u0111\u1ebfn&#8230;<\/p>\n","protected":false},"author":30,"featured_media":0,"parent":0,"menu_order":0,"comment_status":"closed","ping_status":"closed","template":"","meta":{"footnotes":""},"class_list":["post-4949","page","type-page","status-publish","hentry"],"yoast_head":"<!-- This site is optimized with the Yoast SEO plugin v27.5 - https:\/\/yoast.com\/product\/yoast-seo-wordpress\/ -->\n<title>C\u00e1c ph\u01b0\u01a1ng th\u1ee9c thanh to\u00e1n - Localhome<\/title>\n<meta name=\"robots\" content=\"index, follow, max-snippet:-1, max-image-preview:large, max-video-preview:-1\" \/>\n<link rel=\"canonical\" href=\"https:\/\/localhome.vn\/cac-phuong-thuc-thanh-toan\/\" \/>\n<meta property=\"og:locale\" content=\"vi_VN\" \/>\n<meta property=\"og:type\" content=\"article\" \/>\n<meta property=\"og:title\" content=\"C\u00e1c ph\u01b0\u01a1ng th\u1ee9c thanh to\u00e1n - Localhome\" \/>\n<meta property=\"og:description\" content=\"1.Thanh to\u00e1n tr\u1ef1c tuy\u1ebfn b\u1eb1ng m\u00e3 QR: Sau khi \u0111\u1eb7t ph\u00f2ng th\u00e0nh c\u00f4ng, qu\u00fd kh\u00e1ch s\u1ebd nh\u1eadn \u0111\u01b0\u1ee3c th\u00f4ng tin thanh to\u00e1n tr\u1ef1c tuy\u1ebfn qua QR tr\u00ean website. Khi thanh to\u00e1n th\u00e0nh c\u00f4ng, qu\u00fd kh\u00e1ch s\u1ebd nh\u1eadn \u0111\u01b0\u1ee3c th\u00f4ng tin c\u1ee7a booking \u0111\u01b0\u1ee3c g\u1eedi \u0111\u1ebfn...\" \/>\n<meta property=\"og:url\" content=\"https:\/\/localhome.vn\/cac-phuong-thuc-thanh-toan\/\" \/>\n<meta property=\"og:site_name\" content=\"Localhome\" \/>\n<meta property=\"article:publisher\" content=\"https:\/\/www.facebook.com\/profile.php?id=61567521530908\" \/>\n<meta property=\"article:modified_time\" content=\"2026-04-12T13:09:20+00:00\" \/>\n<meta property=\"og:image\" content=\"https:\/\/localhome.vn\/uploads\/2024\/12\/image-46.png\" \/>\n\t<meta property=\"og:image:width\" content=\"905\" \/>\n\t<meta property=\"og:image:height\" content=\"638\" \/>\n\t<meta property=\"og:image:type\" content=\"image\/png\" \/>\n<meta name=\"twitter:card\" content=\"summary_large_image\" \/>\n<meta name=\"twitter:label1\" content=\"\u01af\u1edbc t\u00ednh th\u1eddi gian \u0111\u1ecdc\" \/>\n\t<meta name=\"twitter:data1\" content=\"1 ph\u00fat\" \/>\n<script type=\"application\/ld+json\" class=\"yoast-schema-graph\">{\"@context\":\"https:\\\/\\\/schema.org\",\"@graph\":[{\"@type\":\"WebPage\",\"@id\":\"https:\\\/\\\/localhome.vn\\\/cac-phuong-thuc-thanh-toan\\\/\",\"url\":\"https:\\\/\\\/localhome.vn\\\/cac-phuong-thuc-thanh-toan\\\/\",\"name\":\"C\u00e1c ph\u01b0\u01a1ng th\u1ee9c thanh to\u00e1n - Localhome\",\"isPartOf\":{\"@id\":\"https:\\\/\\\/localhome.vn\\\/#website\"},\"primaryImageOfPage\":{\"@id\":\"https:\\\/\\\/localhome.vn\\\/cac-phuong-thuc-thanh-toan\\\/#primaryimage\"},\"image\":{\"@id\":\"https:\\\/\\\/localhome.vn\\\/cac-phuong-thuc-thanh-toan\\\/#primaryimage\"},\"thumbnailUrl\":\"https:\\\/\\\/localhome.vn\\\/uploads\\\/2024\\\/12\\\/image-46.png\",\"datePublished\":\"2026-04-12T13:09:19+00:00\",\"dateModified\":\"2026-04-12T13:09:20+00:00\",\"breadcrumb\":{\"@id\":\"https:\\\/\\\/localhome.vn\\\/cac-phuong-thuc-thanh-toan\\\/#breadcrumb\"},\"inLanguage\":\"vi\",\"potentialAction\":[{\"@type\":\"ReadAction\",\"target\":[\"https:\\\/\\\/localhome.vn\\\/cac-phuong-thuc-thanh-toan\\\/\"]}]},{\"@type\":\"ImageObject\",\"inLanguage\":\"vi\",\"@id\":\"https:\\\/\\\/localhome.vn\\\/cac-phuong-thuc-thanh-toan\\\/#primaryimage\",\"url\":\"https:\\\/\\\/localhome.vn\\\/uploads\\\/2024\\\/12\\\/image-46.png\",\"contentUrl\":\"https:\\\/\\\/localhome.vn\\\/uploads\\\/2024\\\/12\\\/image-46.png\",\"width\":905,\"height\":638},{\"@type\":\"BreadcrumbList\",\"@id\":\"https:\\\/\\\/localhome.vn\\\/cac-phuong-thuc-thanh-toan\\\/#breadcrumb\",\"itemListElement\":[{\"@type\":\"ListItem\",\"position\":1,\"name\":\"Home\",\"item\":\"https:\\\/\\\/localhome.vn\\\/\"},{\"@type\":\"ListItem\",\"position\":2,\"name\":\"C\u00e1c ph\u01b0\u01a1ng th\u1ee9c thanh to\u00e1n\"}]},{\"@type\":\"WebSite\",\"@id\":\"https:\\\/\\\/localhome.vn\\\/#website\",\"url\":\"https:\\\/\\\/localhome.vn\\\/\",\"name\":\"Localhome\",\"description\":\"Homestay t\u1ef1 \u0111\u1ed9ng kh\u00f4ng l\u1ec5 t\u00e2n\",\"publisher\":{\"@id\":\"https:\\\/\\\/localhome.vn\\\/#organization\"},\"potentialAction\":[{\"@type\":\"SearchAction\",\"target\":{\"@type\":\"EntryPoint\",\"urlTemplate\":\"https:\\\/\\\/localhome.vn\\\/?s={search_term_string}\"},\"query-input\":{\"@type\":\"PropertyValueSpecification\",\"valueRequired\":true,\"valueName\":\"search_term_string\"}}],\"inLanguage\":\"vi\"},{\"@type\":\"Organization\",\"@id\":\"https:\\\/\\\/localhome.vn\\\/#organization\",\"name\":\"Localhome\",\"url\":\"https:\\\/\\\/localhome.vn\\\/\",\"logo\":{\"@type\":\"ImageObject\",\"inLanguage\":\"vi\",\"@id\":\"https:\\\/\\\/localhome.vn\\\/#\\\/schema\\\/logo\\\/image\\\/\",\"url\":\"https:\\\/\\\/localhome.vn\\\/uploads\\\/2024\\\/10\\\/favicon-localhome.png\",\"contentUrl\":\"https:\\\/\\\/localhome.vn\\\/uploads\\\/2024\\\/10\\\/favicon-localhome.png\",\"width\":512,\"height\":512,\"caption\":\"Localhome\"},\"image\":{\"@id\":\"https:\\\/\\\/localhome.vn\\\/#\\\/schema\\\/logo\\\/image\\\/\"},\"sameAs\":[\"https:\\\/\\\/www.facebook.com\\\/profile.php?id=61567521530908\"]}]}<\/script>\n<!-- \/ Yoast SEO plugin. -->","yoast_head_json":{"title":"C\u00e1c ph\u01b0\u01a1ng th\u1ee9c thanh to\u00e1n - Localhome","robots":{"index":"index","follow":"follow","max-snippet":"max-snippet:-1","max-image-preview":"max-image-preview:large","max-video-preview":"max-video-preview:-1"},"canonical":"https:\/\/localhome.vn\/cac-phuong-thuc-thanh-toan\/","og_locale":"vi_VN","og_type":"article","og_title":"C\u00e1c ph\u01b0\u01a1ng th\u1ee9c thanh to\u00e1n - Localhome","og_description":"1.Thanh to\u00e1n tr\u1ef1c tuy\u1ebfn b\u1eb1ng m\u00e3 QR: Sau khi \u0111\u1eb7t ph\u00f2ng th\u00e0nh c\u00f4ng, qu\u00fd kh\u00e1ch s\u1ebd nh\u1eadn \u0111\u01b0\u1ee3c th\u00f4ng tin thanh to\u00e1n tr\u1ef1c tuy\u1ebfn qua QR tr\u00ean website. Khi thanh to\u00e1n th\u00e0nh c\u00f4ng, qu\u00fd kh\u00e1ch s\u1ebd nh\u1eadn \u0111\u01b0\u1ee3c th\u00f4ng tin c\u1ee7a booking \u0111\u01b0\u1ee3c g\u1eedi \u0111\u1ebfn...","og_url":"https:\/\/localhome.vn\/cac-phuong-thuc-thanh-toan\/","og_site_name":"Localhome","article_publisher":"https:\/\/www.facebook.com\/profile.php?id=61567521530908","article_modified_time":"2026-04-12T13:09:20+00:00","og_image":[{"width":905,"height":638,"url":"https:\/\/localhome.vn\/uploads\/2024\/12\/image-46.png","type":"image\/png"}],"twitter_card":"summary_large_image","twitter_misc":{"\u01af\u1edbc t\u00ednh th\u1eddi gian \u0111\u1ecdc":"1 ph\u00fat"},"schema":{"@context":"https:\/\/schema.org","@graph":[{"@type":"WebPage","@id":"https:\/\/localhome.vn\/cac-phuong-thuc-thanh-toan\/","url":"https:\/\/localhome.vn\/cac-phuong-thuc-thanh-toan\/","name":"C\u00e1c ph\u01b0\u01a1ng th\u1ee9c thanh to\u00e1n - Localhome","isPartOf":{"@id":"https:\/\/localhome.vn\/#website"},"primaryImageOfPage":{"@id":"https:\/\/localhome.vn\/cac-phuong-thuc-thanh-toan\/#primaryimage"},"image":{"@id":"https:\/\/localhome.vn\/cac-phuong-thuc-thanh-toan\/#primaryimage"},"thumbnailUrl":"https:\/\/localhome.vn\/uploads\/2024\/12\/image-46.png","datePublished":"2026-04-12T13:09:19+00:00","dateModified":"2026-04-12T13:09:20+00:00","breadcrumb":{"@id":"https:\/\/localhome.vn\/cac-phuong-thuc-thanh-toan\/#breadcrumb"},"inLanguage":"vi","potentialAction":[{"@type":"ReadAction","target":["https:\/\/localhome.vn\/cac-phuong-thuc-thanh-toan\/"]}]},{"@type":"ImageObject","inLanguage":"vi","@id":"https:\/\/localhome.vn\/cac-phuong-thuc-thanh-toan\/#primaryimage","url":"https:\/\/localhome.vn\/uploads\/2024\/12\/image-46.png","contentUrl":"https:\/\/localhome.vn\/uploads\/2024\/12\/image-46.png","width":905,"height":638},{"@type":"BreadcrumbList","@id":"https:\/\/localhome.vn\/cac-phuong-thuc-thanh-toan\/#breadcrumb","itemListElement":[{"@type":"ListItem","position":1,"name":"Home","item":"https:\/\/localhome.vn\/"},{"@type":"ListItem","position":2,"name":"C\u00e1c ph\u01b0\u01a1ng th\u1ee9c thanh to\u00e1n"}]},{"@type":"WebSite","@id":"https:\/\/localhome.vn\/#website","url":"https:\/\/localhome.vn\/","name":"Localhome","description":"Homestay t\u1ef1 \u0111\u1ed9ng kh\u00f4ng l\u1ec5 t\u00e2n","publisher":{"@id":"https:\/\/localhome.vn\/#organization"},"potentialAction":[{"@type":"SearchAction","target":{"@type":"EntryPoint","urlTemplate":"https:\/\/localhome.vn\/?s={search_term_string}"},"query-input":{"@type":"PropertyValueSpecification","valueRequired":true,"valueName":"search_term_string"}}],"inLanguage":"vi"},{"@type":"Organization","@id":"https:\/\/localhome.vn\/#organization","name":"Localhome","url":"https:\/\/localhome.vn\/","logo":{"@type":"ImageObject","inLanguage":"vi","@id":"https:\/\/localhome.vn\/#\/schema\/logo\/image\/","url":"https:\/\/localhome.vn\/uploads\/2024\/10\/favicon-localhome.png","contentUrl":"https:\/\/localhome.vn\/uploads\/2024\/10\/favicon-localhome.png","width":512,"height":512,"caption":"Localhome"},"image":{"@id":"https:\/\/localhome.vn\/#\/schema\/logo\/image\/"},"sameAs":["https:\/\/www.facebook.com\/profile.php?id=61567521530908"]}]}},"_links":{"self":[{"href":"https:\/\/localhome.vn\/wp-json\/wp\/v2\/pages\/4949","targetHints":{"allow":["GET"]}}],"collection":[{"href":"https:\/\/localhome.vn\/wp-json\/wp\/v2\/pages"}],"about":[{"href":"https:\/\/localhome.vn\/wp-json\/wp\/v2\/types\/page"}],"author":[{"embeddable":true,"href":"https:\/\/localhome.vn\/wp-json\/wp\/v2\/users\/30"}],"replies":[{"embeddable":true,"href":"https:\/\/localhome.vn\/wp-json\/wp\/v2\/comments?post=4949"}],"version-history":[{"count":1,"href":"https:\/\/localhome.vn\/wp-json\/wp\/v2\/pages\/4949\/revisions"}],"predecessor-version":[{"id":4950,"href":"https:\/\/localhome.vn\/wp-json\/wp\/v2\/pages\/4949\/revisions\/4950"}],"wp:attachment":[{"href":"https:\/\/localhome.vn\/wp-json\/wp\/v2\/media?parent=4949"}],"curies":[{"name":"wp","href":"https:\/\/api.w.org\/{rel}","templated":true}]}}