{"id":4951,"date":"2026-04-12T20:16:59","date_gmt":"2026-04-12T13:16:59","guid":{"rendered":"https:\/\/localhome.vn\/?page_id=4951"},"modified":"2026-04-12T20:16:59","modified_gmt":"2026-04-12T13:16:59","slug":"dieu-kien-giao-dich-chung","status":"publish","type":"page","link":"https:\/\/localhome.vn\/dieu-kien-giao-dich-chung\/","title":{"rendered":"\u0110i\u1ec1u ki\u1ec7n giao d\u1ecbch chung"},"content":{"rendered":"\n<h2 class=\"wp-block-heading\">1. D\u00e0nh cho ng\u01b0\u1eddi kh\u00e1ch h\u00e0ng c\u00e1 nh\u00e2n:<\/h2>\n\n\n\n<ul class=\"wp-block-list\">\n<li>B\u01b0\u1edbc 1: T\u00ecm ki\u1ebfm ph\u00f2ng ph\u00f9 h\u1ee3p v\u1edbi y\u00eau c\u1ea7u c\u1ee7a qu\u00fd kh\u00e1ch<\/li>\n\n\n\n<li>B\u01b0\u1edbc 2: Ch\u1ecdn khung gi\u1edd tr\u00ean b\u1ea3ng l\u1ecbch \u0111\u1eb7t ph\u00f2ng sau \u0111\u00f3 nh\u1eadp v\u1edbi h\u1ecd v\u00e0 t\u00ean, s\u1ed1 \u0111i\u1ec7n tho\u1ea1i, \u0111\u1ecba ch\u1ec9 email, s\u1ed1 l\u01b0\u1ee3ng kh\u00e1ch.<\/li>\n\n\n\n<li>B\u01b0\u1edbc 3: Ch\u1ecdn \u201c\u0110\u1eb7t ph\u00f2ng\u201d \u0111\u1ebfn b\u01b0\u1edbc thanh to\u00e1n.<\/li>\n\n\n\n<li>B\u01b0\u1edbc 4: Thanh to\u00e1n b\u1eb1ng m\u00e3 QR c\u00f9ng s\u1ed1 ti\u1ec1n hi\u1ec3n th\u1ecb tr\u00ean m\u00e0n h\u00ecnh.<\/li>\n\n\n\n<li>B\u01b0\u1edbc 5: Th\u00f4ng tin c\u1ee7a kh\u00e1ch h\u00e0ng \u0111\u01b0\u1ee3c g\u1eedi v\u1ec1 trung t\u00e2m x\u1eed l\u00fd d\u1eef li\u1ec7u c\u1ee7a website.<\/li>\n\n\n\n<li>B\u01b0\u1edbc 6: Nh\u00e2n vi\u00ean localhome s\u1ebd ki\u1ec3m tra l\u1ea1i th\u00f4ng tin sau \u0111\u00f3 g\u1eedi th\u00f4ng tin \u0111\u1ec3 check-in \u0111\u1ebfn qu\u00fd kh\u00e1ch h\u00e0ng qua s\u1ed1 \u0111i\u1ec7n tho\u1ea1i c\u1ee7a kh\u00e1ch h\u00e0ng.<\/li>\n<\/ul>\n\n\n\n<h2 class=\"wp-block-heading\">2. Gi\u1ea3i quy\u1ebft c\u00e1c ph\u00e1t sinh trong qu\u00e1 tr\u00ecnh giao d\u1ecbch:<\/h2>\n\n\n\n<ul class=\"wp-block-list\">\n<li>Localhome lu\u00f4n c\u00f3 tr\u00e1ch nhi\u1ec7m ti\u1ebfp nh\u1eadn v\u00e0 x\u1eed l\u00fd khi\u1ebfu n\u1ea1i c\u1ee7a kh\u00e1ch h\u00e0ng li\u00ean quan \u0111\u1ebfn giao d\u1ecbch t\u1ea1i: localhome.vn<\/li>\n\n\n\n<li>Khi c\u00f3 tranh ch\u1ea5p x\u1ea3y ra, qu\u00fd kh\u00e1ch h\u00e0ng li\u00ean h\u1ec7 ngay v\u1edbi Localhome theo s\u1ed1 hotline:\u00a0<a href=\"tel:0796824888\">0796.824.888<\/a>. Ch\u00fang t\u00f4i s\u1ebd li\u00ean h\u1ec7 l\u1ea1i ngay v\u1edbi qu\u00fd kh\u00e1ch h\u00e0ng \u0111\u1ec3 gi\u1ea3i quy\u1ebft c\u00e1c ph\u00e1t sinh.<\/li>\n\n\n\n<li>M\u1ecdi tranh ch\u1ea5p ph\u00e1t sinh gi\u1eefa Localhome v\u00e0 th\u00e0nh vi\u00ean s\u1ebd \u0111\u01b0\u1ee3c gi\u1ea3i quy\u1ebft tr\u00ean c\u01a1 s\u1edf th\u01b0\u01a1ng l\u01b0\u1ee3ng. Tr\u01b0\u1eddng h\u1ee3p kh\u00f4ng \u0111\u1ea1t \u0111\u01b0\u1ee3c th\u1ecfa thu\u1eadn nh\u01b0 mong mu\u1ed1n, m\u1ed9t trong hai b\u00ean c\u00f3 quy\u1ec1n \u0111\u01b0a v\u1ee5 vi\u1ec7c ra T\u00f2a \u00e1n kinh t\u1ebf \u0111\u1ec3 gi\u1ea3i quy\u1ebft.<\/li>\n\n\n\n<li>Khi tranh ch\u1ea5p ph\u00e1t sinh gi\u1eefa kh\u00e1ch h\u00e0ng v\u1edbi nh\u00e0 cung c\u1ea5p d\u1ecbch v\u1ee5 tr\u1ef1c ti\u1ebfp, ban qu\u1ea3n l\u00fd website s\u1ebd c\u00f3 tr\u00e1ch nhi\u1ec7m cung c\u1ea5p cho kh\u00e1ch h\u00e0ng th\u00f4ng tin v\u1ec1 ng\u01b0\u1eddi b\u00e1n, t\u00edch c\u1ef1c h\u1ed7 tr\u1ee3 kh\u00e1ch h\u00e0ng ho\u1eb7c \u0111\u1ea1i di\u1ec7n kh\u00e1ch h\u00e0ng b\u1ea3o v\u1ec7 quy\u1ec1n l\u1ee3i v\u00e0 l\u1ee3i \u00edch h\u1ee3p ph\u00e1p c\u1ee7a m\u00ecnh.<\/li>\n\n\n\n<li>Khi th\u1ef1c hi\u1ec7n c\u00e1c giao d\u1ecbch tr\u00ean website, b\u1eaft bu\u1ed9c c\u00e1c th\u00e0nh vi\u00ean ph\u1ea3i th\u1ef1c hi\u1ec7n \u0111\u00fang theo c\u00e1c quy tr\u00ecnh h\u01b0\u1edbng d\u1eabn.<\/li>\n<\/ul>\n","protected":false},"excerpt":{"rendered":"<p>1. D\u00e0nh cho ng\u01b0\u1eddi kh\u00e1ch h\u00e0ng c\u00e1 nh\u00e2n: 2. Gi\u1ea3i quy\u1ebft c\u00e1c ph\u00e1t sinh trong qu\u00e1 tr\u00ecnh giao d\u1ecbch:<\/p>\n","protected":false},"author":30,"featured_media":0,"parent":0,"menu_order":0,"comment_status":"closed","ping_status":"closed","template":"","meta":{"footnotes":""},"class_list":["post-4951","page","type-page","status-publish","hentry"],"yoast_head":"<!-- This site is optimized with the Yoast SEO plugin v27.5 - https:\/\/yoast.com\/product\/yoast-seo-wordpress\/ -->\n<title>\u0110i\u1ec1u ki\u1ec7n giao d\u1ecbch chung - Localhome<\/title>\n<meta name=\"robots\" content=\"index, follow, max-snippet:-1, max-image-preview:large, max-video-preview:-1\" \/>\n<link rel=\"canonical\" href=\"https:\/\/localhome.vn\/dieu-kien-giao-dich-chung\/\" \/>\n<meta property=\"og:locale\" content=\"vi_VN\" \/>\n<meta property=\"og:type\" content=\"article\" \/>\n<meta property=\"og:title\" content=\"\u0110i\u1ec1u ki\u1ec7n giao d\u1ecbch chung - Localhome\" \/>\n<meta property=\"og:description\" content=\"1. D\u00e0nh cho ng\u01b0\u1eddi kh\u00e1ch h\u00e0ng c\u00e1 nh\u00e2n: 2. Gi\u1ea3i quy\u1ebft c\u00e1c ph\u00e1t sinh trong qu\u00e1 tr\u00ecnh giao d\u1ecbch:\" \/>\n<meta property=\"og:url\" content=\"https:\/\/localhome.vn\/dieu-kien-giao-dich-chung\/\" \/>\n<meta property=\"og:site_name\" content=\"Localhome\" \/>\n<meta property=\"article:publisher\" content=\"https:\/\/www.facebook.com\/profile.php?id=61567521530908\" \/>\n<meta property=\"og:image\" content=\"https:\/\/localhome.vn\/uploads\/2025\/02\/stie-images-logo-1202.png\" \/>\n\t<meta property=\"og:image:width\" content=\"1200\" \/>\n\t<meta property=\"og:image:height\" content=\"675\" \/>\n\t<meta property=\"og:image:type\" content=\"image\/png\" \/>\n<meta name=\"twitter:card\" content=\"summary_large_image\" \/>\n<meta name=\"twitter:label1\" content=\"\u01af\u1edbc t\u00ednh th\u1eddi gian \u0111\u1ecdc\" \/>\n\t<meta name=\"twitter:data1\" content=\"2 ph\u00fat\" \/>\n<script type=\"application\/ld+json\" class=\"yoast-schema-graph\">{\"@context\":\"https:\\\/\\\/schema.org\",\"@graph\":[{\"@type\":\"WebPage\",\"@id\":\"https:\\\/\\\/localhome.vn\\\/dieu-kien-giao-dich-chung\\\/\",\"url\":\"https:\\\/\\\/localhome.vn\\\/dieu-kien-giao-dich-chung\\\/\",\"name\":\"\u0110i\u1ec1u ki\u1ec7n giao d\u1ecbch chung - Localhome\",\"isPartOf\":{\"@id\":\"https:\\\/\\\/localhome.vn\\\/#website\"},\"datePublished\":\"2026-04-12T13:16:59+00:00\",\"breadcrumb\":{\"@id\":\"https:\\\/\\\/localhome.vn\\\/dieu-kien-giao-dich-chung\\\/#breadcrumb\"},\"inLanguage\":\"vi\",\"potentialAction\":[{\"@type\":\"ReadAction\",\"target\":[\"https:\\\/\\\/localhome.vn\\\/dieu-kien-giao-dich-chung\\\/\"]}]},{\"@type\":\"BreadcrumbList\",\"@id\":\"https:\\\/\\\/localhome.vn\\\/dieu-kien-giao-dich-chung\\\/#breadcrumb\",\"itemListElement\":[{\"@type\":\"ListItem\",\"position\":1,\"name\":\"Home\",\"item\":\"https:\\\/\\\/localhome.vn\\\/\"},{\"@type\":\"ListItem\",\"position\":2,\"name\":\"\u0110i\u1ec1u ki\u1ec7n giao d\u1ecbch chung\"}]},{\"@type\":\"WebSite\",\"@id\":\"https:\\\/\\\/localhome.vn\\\/#website\",\"url\":\"https:\\\/\\\/localhome.vn\\\/\",\"name\":\"Localhome\",\"description\":\"Homestay t\u1ef1 \u0111\u1ed9ng kh\u00f4ng l\u1ec5 t\u00e2n\",\"publisher\":{\"@id\":\"https:\\\/\\\/localhome.vn\\\/#organization\"},\"potentialAction\":[{\"@type\":\"SearchAction\",\"target\":{\"@type\":\"EntryPoint\",\"urlTemplate\":\"https:\\\/\\\/localhome.vn\\\/?s={search_term_string}\"},\"query-input\":{\"@type\":\"PropertyValueSpecification\",\"valueRequired\":true,\"valueName\":\"search_term_string\"}}],\"inLanguage\":\"vi\"},{\"@type\":\"Organization\",\"@id\":\"https:\\\/\\\/localhome.vn\\\/#organization\",\"name\":\"Localhome\",\"url\":\"https:\\\/\\\/localhome.vn\\\/\",\"logo\":{\"@type\":\"ImageObject\",\"inLanguage\":\"vi\",\"@id\":\"https:\\\/\\\/localhome.vn\\\/#\\\/schema\\\/logo\\\/image\\\/\",\"url\":\"https:\\\/\\\/localhome.vn\\\/uploads\\\/2024\\\/10\\\/favicon-localhome.png\",\"contentUrl\":\"https:\\\/\\\/localhome.vn\\\/uploads\\\/2024\\\/10\\\/favicon-localhome.png\",\"width\":512,\"height\":512,\"caption\":\"Localhome\"},\"image\":{\"@id\":\"https:\\\/\\\/localhome.vn\\\/#\\\/schema\\\/logo\\\/image\\\/\"},\"sameAs\":[\"https:\\\/\\\/www.facebook.com\\\/profile.php?id=61567521530908\"]}]}<\/script>\n<!-- \/ Yoast SEO plugin. -->","yoast_head_json":{"title":"\u0110i\u1ec1u ki\u1ec7n giao d\u1ecbch chung - Localhome","robots":{"index":"index","follow":"follow","max-snippet":"max-snippet:-1","max-image-preview":"max-image-preview:large","max-video-preview":"max-video-preview:-1"},"canonical":"https:\/\/localhome.vn\/dieu-kien-giao-dich-chung\/","og_locale":"vi_VN","og_type":"article","og_title":"\u0110i\u1ec1u ki\u1ec7n giao d\u1ecbch chung - Localhome","og_description":"1. D\u00e0nh cho ng\u01b0\u1eddi kh\u00e1ch h\u00e0ng c\u00e1 nh\u00e2n: 2. Gi\u1ea3i quy\u1ebft c\u00e1c ph\u00e1t sinh trong qu\u00e1 tr\u00ecnh giao d\u1ecbch:","og_url":"https:\/\/localhome.vn\/dieu-kien-giao-dich-chung\/","og_site_name":"Localhome","article_publisher":"https:\/\/www.facebook.com\/profile.php?id=61567521530908","og_image":[{"width":1200,"height":675,"url":"https:\/\/localhome.vn\/uploads\/2025\/02\/stie-images-logo-1202.png","type":"image\/png"}],"twitter_card":"summary_large_image","twitter_misc":{"\u01af\u1edbc t\u00ednh th\u1eddi gian \u0111\u1ecdc":"2 ph\u00fat"},"schema":{"@context":"https:\/\/schema.org","@graph":[{"@type":"WebPage","@id":"https:\/\/localhome.vn\/dieu-kien-giao-dich-chung\/","url":"https:\/\/localhome.vn\/dieu-kien-giao-dich-chung\/","name":"\u0110i\u1ec1u ki\u1ec7n giao d\u1ecbch chung - Localhome","isPartOf":{"@id":"https:\/\/localhome.vn\/#website"},"datePublished":"2026-04-12T13:16:59+00:00","breadcrumb":{"@id":"https:\/\/localhome.vn\/dieu-kien-giao-dich-chung\/#breadcrumb"},"inLanguage":"vi","potentialAction":[{"@type":"ReadAction","target":["https:\/\/localhome.vn\/dieu-kien-giao-dich-chung\/"]}]},{"@type":"BreadcrumbList","@id":"https:\/\/localhome.vn\/dieu-kien-giao-dich-chung\/#breadcrumb","itemListElement":[{"@type":"ListItem","position":1,"name":"Home","item":"https:\/\/localhome.vn\/"},{"@type":"ListItem","position":2,"name":"\u0110i\u1ec1u ki\u1ec7n giao d\u1ecbch chung"}]},{"@type":"WebSite","@id":"https:\/\/localhome.vn\/#website","url":"https:\/\/localhome.vn\/","name":"Localhome","description":"Homestay t\u1ef1 \u0111\u1ed9ng kh\u00f4ng l\u1ec5 t\u00e2n","publisher":{"@id":"https:\/\/localhome.vn\/#organization"},"potentialAction":[{"@type":"SearchAction","target":{"@type":"EntryPoint","urlTemplate":"https:\/\/localhome.vn\/?s={search_term_string}"},"query-input":{"@type":"PropertyValueSpecification","valueRequired":true,"valueName":"search_term_string"}}],"inLanguage":"vi"},{"@type":"Organization","@id":"https:\/\/localhome.vn\/#organization","name":"Localhome","url":"https:\/\/localhome.vn\/","logo":{"@type":"ImageObject","inLanguage":"vi","@id":"https:\/\/localhome.vn\/#\/schema\/logo\/image\/","url":"https:\/\/localhome.vn\/uploads\/2024\/10\/favicon-localhome.png","contentUrl":"https:\/\/localhome.vn\/uploads\/2024\/10\/favicon-localhome.png","width":512,"height":512,"caption":"Localhome"},"image":{"@id":"https:\/\/localhome.vn\/#\/schema\/logo\/image\/"},"sameAs":["https:\/\/www.facebook.com\/profile.php?id=61567521530908"]}]}},"_links":{"self":[{"href":"https:\/\/localhome.vn\/wp-json\/wp\/v2\/pages\/4951","targetHints":{"allow":["GET"]}}],"collection":[{"href":"https:\/\/localhome.vn\/wp-json\/wp\/v2\/pages"}],"about":[{"href":"https:\/\/localhome.vn\/wp-json\/wp\/v2\/types\/page"}],"author":[{"embeddable":true,"href":"https:\/\/localhome.vn\/wp-json\/wp\/v2\/users\/30"}],"replies":[{"embeddable":true,"href":"https:\/\/localhome.vn\/wp-json\/wp\/v2\/comments?post=4951"}],"version-history":[{"count":1,"href":"https:\/\/localhome.vn\/wp-json\/wp\/v2\/pages\/4951\/revisions"}],"predecessor-version":[{"id":4952,"href":"https:\/\/localhome.vn\/wp-json\/wp\/v2\/pages\/4951\/revisions\/4952"}],"wp:attachment":[{"href":"https:\/\/localhome.vn\/wp-json\/wp\/v2\/media?parent=4951"}],"curies":[{"name":"wp","href":"https:\/\/api.w.org\/{rel}","templated":true}]}}