{"id":4953,"date":"2026-04-12T20:26:12","date_gmt":"2026-04-12T13:26:12","guid":{"rendered":"https:\/\/localhome.vn\/?page_id=4953"},"modified":"2026-04-12T20:52:40","modified_gmt":"2026-04-12T13:52:40","slug":"thong-tin-dich-vu-homestay","status":"publish","type":"page","link":"https:\/\/localhome.vn\/thong-tin-dich-vu-homestay\/","title":{"rendered":"Th\u00f4ng tin d\u1ecbch v\u1ee5 homestay"},"content":{"rendered":"\n<p>Local Home l\u00e0 d\u1ecbch v\u1ee5 homestay cung c\u1ea5p c\u00e1c ph\u00f2ng ngh\u1ec9 ch\u1ea5t l\u01b0\u1ee3ng cao t\u1ea1i khu v\u1ef1c trung t\u00e2m th\u00e0nh ph\u1ed1. Ch\u00fang t\u00f4i lu\u00f4n n\u1ed7 l\u1ef1c mang \u0111\u1ebfn cho kh\u00e1ch h\u00e0ng nh\u1eefng kh\u00f4ng gian l\u01b0u tr\u00fa hi\u1ec7n \u0111\u1ea1i, ti\u1ec7n nghi v\u00e0 ph\u00f9 h\u1ee3p v\u1edbi nhu c\u1ea7u ngh\u1ec9 d\u01b0\u1ee1ng ng\u1eafn h\u1ea1n c\u0169ng nh\u01b0 tr\u1ea3i nghi\u1ec7m l\u01b0u tr\u00fa tho\u1ea3i m\u00e1i.<\/p>\n\n\n\n<h2 class=\"wp-block-heading\">1. \u0110\u1eb7c \u0111i\u1ec3m thi\u1ebft k\u1ebf ph\u00f2ng <\/h2>\n\n\n\n<p>Local Home ch\u00fa tr\u1ecdng \u0111\u1ea7u t\u01b0 v\u00e0o thi\u1ebft k\u1ebf n\u1ed9i th\u1ea5t v\u00e0 kh\u00f4ng gian c\u1ee7a t\u1eebng ph\u00f2ng nh\u1eb1m t\u1ea1o n\u00ean m\u00f4i tr\u01b0\u1eddng ngh\u1ec9 ng\u01a1i l\u00fd t\u01b0\u1edfng:<\/p>\n\n\n\n<ul class=\"wp-block-list\">\n<li>C\u00e1c ph\u00f2ng \u0111\u01b0\u1ee3c thi\u1ebft k\u1ebf theo xu h\u01b0\u1edbng tr\u1ebb trung v\u00e0 hi\u1ec7n \u0111\u1ea1i, th\u1ec3 hi\u1ec7n phong c\u00e1ch n\u0103ng \u0111\u1ed9ng v\u00e0 t\u01b0\u01a1i m\u1edbi.<\/li>\n\n\n\n<li>Kh\u00f4ng gian ph\u00f2ng \u0111\u01b0\u1ee3c b\u1ed1 tr\u00ed tho\u00e1ng \u0111\u00e3ng, \u1ea5m c\u00fang, mang l\u1ea1i c\u1ea3m gi\u00e1c tho\u1ea3i m\u00e1i v\u00e0 \u0111\u1ea7y c\u1ea3m h\u1ee9ng cho kh\u00e1ch h\u00e0ng trong su\u1ed1t th\u1eddi gian l\u01b0u tr\u00fa.<\/li>\n<\/ul>\n\n\n\n<h2 class=\"wp-block-heading\">2. Ti\u1ec7n \u00edch n\u1ed5i b\u1eadt trong ph\u00f2ng <\/h2>\n\n\n\n<p>\u0110\u1ec3 n\u00e2ng cao ch\u1ea5t l\u01b0\u1ee3ng tr\u1ea3i nghi\u1ec7m, m\u1ed7i ph\u00f2ng t\u1ea1i Local Home \u0111\u1ec1u \u0111\u01b0\u1ee3c trang b\u1ecb \u0111\u1ea7y \u0111\u1ee7 c\u00e1c ti\u1ec7n \u00edch hi\u1ec7n \u0111\u1ea1i v\u00e0 n\u1ed5i b\u1eadt sau:<\/p>\n\n\n\n<ul class=\"wp-block-list\">\n<li>M\u00e1y chi\u1ebfu<\/li>\n\n\n\n<li>Gh\u1ebf l\u01b0\u1eddi<\/li>\n\n\n\n<li>B\u1ed3n t\u1eafm<\/li>\n\n\n\n<li>B\u00e0n bida trong ph\u00f2ng<\/li>\n\n\n\n<li>C\u00e1c ti\u1ec7n nghi hi\u1ec7n \u0111\u1ea1i kh\u00e1c<\/li>\n<\/ul>\n\n\n\n<p>Nh\u1eefng ti\u1ec7n \u00edch n\u00e0y gi\u00fap kh\u00e1ch h\u00e0ng c\u00f3 th\u1ec3 th\u01b0 gi\u00e3n, gi\u1ea3i tr\u00ed v\u00e0 t\u1eadn h\u01b0\u1edfng kh\u00f4ng gian ri\u00eang t\u01b0 m\u1ed9t c\u00e1ch tr\u1ecdn v\u1eb9n nh\u1ea5t.<\/p>\n\n\n\n<h2 class=\"wp-block-heading\">3. V\u1ecb tr\u00ed homestay <\/h2>\n\n\n\n<p>V\u1ecb tr\u00ed l\u00e0 m\u1ed9t trong nh\u1eefng l\u1ee3i th\u1ebf quan tr\u1ecdng c\u1ee7a Local Home, gi\u00fap kh\u00e1ch h\u00e0ng d\u1ec5 d\u00e0ng k\u1ebft n\u1ed1i v\u1edbi c\u00e1c ho\u1ea1t \u0111\u1ed9ng b\u00ean ngo\u00e0i:<\/p>\n\n\n\n<ul class=\"wp-block-list\">\n<li>Homestay n\u1eb1m g\u1ea7n khu trung t\u00e2m th\u00e0nh ph\u1ed1, v\u1ecb tr\u00ed \u0111\u1eafc \u0111\u1ecba v\u00e0 d\u1ec5 d\u00e0ng ti\u1ebfp c\u1eadn.<\/li>\n\n\n\n<li>Thu\u1eadn ti\u1ec7n cho vi\u1ec7c di chuy\u1ec3n \u0111\u1ebfn c\u00e1c \u0111\u1ecba \u0111i\u1ec3m vui ch\u01a1i, \u0103n u\u1ed1ng, mua s\u1eafm v\u00e0 c\u00e1c ti\u1ec7n \u00edch \u0111\u00f4 th\u1ecb kh\u00e1c m\u00e0 kh\u00f4ng m\u1ea5t nhi\u1ec1u th\u1eddi gian.<\/li>\n<\/ul>\n\n\n\n<h2 class=\"wp-block-heading\">4. M\u00f4 h\u00ecnh d\u1ecbch v\u1ee5 <\/h2>\n\n\n\n<p>Local Home \u00e1p d\u1ee5ng m\u00f4 h\u00ecnh homestay hi\u1ec7n \u0111\u1ea1i, t\u1eadp trung v\u00e0o vi\u1ec7c mang l\u1ea1i s\u1ef1 ti\u1ec7n l\u1ee3i v\u00e0 linh ho\u1ea1t t\u1ed1i \u0111a cho kh\u00e1ch h\u00e0ng:<\/p>\n\n\n\n<ul class=\"wp-block-list\">\n<li>Homestay \u00e1p d\u1ee5ng h\u00ecnh th\u1ee9c t\u1ef1 check-in, kh\u00f4ng c\u00f3 ti\u1ebfp t\u00e2n truy\u1ec1n th\u1ed1ng.<\/li>\n\n\n\n<li>Mang l\u1ea1i s\u1ef1 ri\u00eang t\u01b0 t\u1ed1i \u0111a v\u00e0 t\u00ednh linh ho\u1ea1t cao v\u1ec1 th\u1eddi gian nh\u1eadn \u2013 tr\u1ea3 ph\u00f2ng, gi\u00fap kh\u00e1ch h\u00e0ng ch\u1ee7 \u0111\u1ed9ng s\u1eafp x\u1ebfp l\u1ecbch tr\u00ecnh c\u1ee7a m\u00ecnh.<\/li>\n<\/ul>\n\n\n\n<h2 class=\"wp-block-heading\">5. Cam k\u1ebft d\u1ecbch v\u1ee5 <\/h2>\n\n\n\n<p>Local Home cam k\u1ebft duy tr\u00ec ch\u1ea5t l\u01b0\u1ee3ng d\u1ecbch v\u1ee5 \u1edf m\u1ee9c cao nh\u1ea5t \u0111\u1ec3 \u0111\u00e1p \u1ee9ng k\u1ef3 v\u1ecdng c\u1ee7a kh\u00e1ch h\u00e0ng:<\/p>\n\n\n\n<ul class=\"wp-block-list\">\n<li>Cung c\u1ea5p kh\u00f4ng gian l\u01b0u tr\u00fa s\u1ea1ch s\u1ebd, ti\u1ec7n nghi v\u00e0 ch\u1ea5t l\u01b0\u1ee3ng cao.<\/li>\n\n\n\n<li>Ph\u00f9 h\u1ee3p v\u1edbi nhi\u1ec1u \u0111\u1ed1i t\u01b0\u1ee3ng kh\u00e1ch h\u00e0ng, \u0111\u1eb7c bi\u1ec7t l\u00e0 kh\u00e1ch tr\u1ebb tu\u1ed5i y\u00eau th\u00edch s\u1ef1 hi\u1ec7n \u0111\u1ea1i, tho\u1ea3i m\u00e1i v\u00e0 kh\u00f4ng gian s\u1ed1ng tr\u1ebb trung.<\/li>\n<\/ul>\n\n\n\n<p>V\u1edbi nh\u1eefng \u0111\u1eb7c \u0111i\u1ec3m tr\u00ean, Local Home hy v\u1ecdng s\u1ebd mang \u0111\u1ebfn cho qu\u00fd kh\u00e1ch nh\u1eefng tr\u1ea3i nghi\u1ec7m l\u01b0u tr\u00fa \u0111\u00e1ng nh\u1edb v\u00e0 h\u00e0i l\u00f2ng nh\u1ea5t.<\/p>\n","protected":false},"excerpt":{"rendered":"<p>Local Home l\u00e0 d\u1ecbch v\u1ee5 homestay cung c\u1ea5p c\u00e1c ph\u00f2ng ngh\u1ec9 ch\u1ea5t l\u01b0\u1ee3ng cao t\u1ea1i khu v\u1ef1c trung t\u00e2m th\u00e0nh ph\u1ed1. Ch\u00fang t\u00f4i lu\u00f4n n\u1ed7 l\u1ef1c mang \u0111\u1ebfn cho kh\u00e1ch h\u00e0ng nh\u1eefng kh\u00f4ng gian l\u01b0u tr\u00fa hi\u1ec7n \u0111\u1ea1i, ti\u1ec7n nghi v\u00e0 ph\u00f9 h\u1ee3p v\u1edbi nhu&#8230;<\/p>\n","protected":false},"author":30,"featured_media":0,"parent":0,"menu_order":0,"comment_status":"closed","ping_status":"closed","template":"","meta":{"footnotes":""},"class_list":["post-4953","page","type-page","status-publish","hentry"],"yoast_head":"<!-- This site is optimized with the Yoast SEO plugin v27.5 - https:\/\/yoast.com\/product\/yoast-seo-wordpress\/ -->\n<title>Th\u00f4ng tin d\u1ecbch v\u1ee5 homestay - Localhome<\/title>\n<meta name=\"robots\" content=\"index, follow, max-snippet:-1, max-image-preview:large, max-video-preview:-1\" \/>\n<link rel=\"canonical\" href=\"https:\/\/localhome.vn\/thong-tin-dich-vu-homestay\/\" \/>\n<meta property=\"og:locale\" content=\"vi_VN\" \/>\n<meta property=\"og:type\" content=\"article\" \/>\n<meta property=\"og:title\" content=\"Th\u00f4ng tin d\u1ecbch v\u1ee5 homestay - Localhome\" \/>\n<meta property=\"og:description\" content=\"Local Home l\u00e0 d\u1ecbch v\u1ee5 homestay cung c\u1ea5p c\u00e1c ph\u00f2ng ngh\u1ec9 ch\u1ea5t l\u01b0\u1ee3ng cao t\u1ea1i khu v\u1ef1c trung t\u00e2m th\u00e0nh ph\u1ed1. Ch\u00fang t\u00f4i lu\u00f4n n\u1ed7 l\u1ef1c mang \u0111\u1ebfn cho kh\u00e1ch h\u00e0ng nh\u1eefng kh\u00f4ng gian l\u01b0u tr\u00fa hi\u1ec7n \u0111\u1ea1i, ti\u1ec7n nghi v\u00e0 ph\u00f9 h\u1ee3p v\u1edbi nhu...\" \/>\n<meta property=\"og:url\" content=\"https:\/\/localhome.vn\/thong-tin-dich-vu-homestay\/\" \/>\n<meta property=\"og:site_name\" content=\"Localhome\" \/>\n<meta property=\"article:publisher\" content=\"https:\/\/www.facebook.com\/profile.php?id=61567521530908\" \/>\n<meta property=\"article:modified_time\" content=\"2026-04-12T13:52:40+00:00\" \/>\n<meta property=\"og:image\" content=\"https:\/\/localhome.vn\/uploads\/2025\/02\/stie-images-logo-1202.png\" \/>\n\t<meta property=\"og:image:width\" content=\"1200\" \/>\n\t<meta property=\"og:image:height\" content=\"675\" \/>\n\t<meta property=\"og:image:type\" content=\"image\/png\" \/>\n<meta name=\"twitter:card\" content=\"summary_large_image\" \/>\n<meta name=\"twitter:label1\" content=\"\u01af\u1edbc t\u00ednh th\u1eddi gian \u0111\u1ecdc\" \/>\n\t<meta name=\"twitter:data1\" content=\"3 ph\u00fat\" \/>\n<script type=\"application\/ld+json\" class=\"yoast-schema-graph\">{\"@context\":\"https:\\\/\\\/schema.org\",\"@graph\":[{\"@type\":\"WebPage\",\"@id\":\"https:\\\/\\\/localhome.vn\\\/thong-tin-dich-vu-homestay\\\/\",\"url\":\"https:\\\/\\\/localhome.vn\\\/thong-tin-dich-vu-homestay\\\/\",\"name\":\"Th\u00f4ng tin d\u1ecbch v\u1ee5 homestay - Localhome\",\"isPartOf\":{\"@id\":\"https:\\\/\\\/localhome.vn\\\/#website\"},\"datePublished\":\"2026-04-12T13:26:12+00:00\",\"dateModified\":\"2026-04-12T13:52:40+00:00\",\"breadcrumb\":{\"@id\":\"https:\\\/\\\/localhome.vn\\\/thong-tin-dich-vu-homestay\\\/#breadcrumb\"},\"inLanguage\":\"vi\",\"potentialAction\":[{\"@type\":\"ReadAction\",\"target\":[\"https:\\\/\\\/localhome.vn\\\/thong-tin-dich-vu-homestay\\\/\"]}]},{\"@type\":\"BreadcrumbList\",\"@id\":\"https:\\\/\\\/localhome.vn\\\/thong-tin-dich-vu-homestay\\\/#breadcrumb\",\"itemListElement\":[{\"@type\":\"ListItem\",\"position\":1,\"name\":\"Home\",\"item\":\"https:\\\/\\\/localhome.vn\\\/\"},{\"@type\":\"ListItem\",\"position\":2,\"name\":\"Th\u00f4ng tin d\u1ecbch v\u1ee5 homestay\"}]},{\"@type\":\"WebSite\",\"@id\":\"https:\\\/\\\/localhome.vn\\\/#website\",\"url\":\"https:\\\/\\\/localhome.vn\\\/\",\"name\":\"Localhome\",\"description\":\"Homestay t\u1ef1 \u0111\u1ed9ng kh\u00f4ng l\u1ec5 t\u00e2n\",\"publisher\":{\"@id\":\"https:\\\/\\\/localhome.vn\\\/#organization\"},\"potentialAction\":[{\"@type\":\"SearchAction\",\"target\":{\"@type\":\"EntryPoint\",\"urlTemplate\":\"https:\\\/\\\/localhome.vn\\\/?s={search_term_string}\"},\"query-input\":{\"@type\":\"PropertyValueSpecification\",\"valueRequired\":true,\"valueName\":\"search_term_string\"}}],\"inLanguage\":\"vi\"},{\"@type\":\"Organization\",\"@id\":\"https:\\\/\\\/localhome.vn\\\/#organization\",\"name\":\"Localhome\",\"url\":\"https:\\\/\\\/localhome.vn\\\/\",\"logo\":{\"@type\":\"ImageObject\",\"inLanguage\":\"vi\",\"@id\":\"https:\\\/\\\/localhome.vn\\\/#\\\/schema\\\/logo\\\/image\\\/\",\"url\":\"https:\\\/\\\/localhome.vn\\\/uploads\\\/2024\\\/10\\\/favicon-localhome.png\",\"contentUrl\":\"https:\\\/\\\/localhome.vn\\\/uploads\\\/2024\\\/10\\\/favicon-localhome.png\",\"width\":512,\"height\":512,\"caption\":\"Localhome\"},\"image\":{\"@id\":\"https:\\\/\\\/localhome.vn\\\/#\\\/schema\\\/logo\\\/image\\\/\"},\"sameAs\":[\"https:\\\/\\\/www.facebook.com\\\/profile.php?id=61567521530908\"]}]}<\/script>\n<!-- \/ Yoast SEO plugin. -->","yoast_head_json":{"title":"Th\u00f4ng tin d\u1ecbch v\u1ee5 homestay - Localhome","robots":{"index":"index","follow":"follow","max-snippet":"max-snippet:-1","max-image-preview":"max-image-preview:large","max-video-preview":"max-video-preview:-1"},"canonical":"https:\/\/localhome.vn\/thong-tin-dich-vu-homestay\/","og_locale":"vi_VN","og_type":"article","og_title":"Th\u00f4ng tin d\u1ecbch v\u1ee5 homestay - Localhome","og_description":"Local Home l\u00e0 d\u1ecbch v\u1ee5 homestay cung c\u1ea5p c\u00e1c ph\u00f2ng ngh\u1ec9 ch\u1ea5t l\u01b0\u1ee3ng cao t\u1ea1i khu v\u1ef1c trung t\u00e2m th\u00e0nh ph\u1ed1. Ch\u00fang t\u00f4i lu\u00f4n n\u1ed7 l\u1ef1c mang \u0111\u1ebfn cho kh\u00e1ch h\u00e0ng nh\u1eefng kh\u00f4ng gian l\u01b0u tr\u00fa hi\u1ec7n \u0111\u1ea1i, ti\u1ec7n nghi v\u00e0 ph\u00f9 h\u1ee3p v\u1edbi nhu...","og_url":"https:\/\/localhome.vn\/thong-tin-dich-vu-homestay\/","og_site_name":"Localhome","article_publisher":"https:\/\/www.facebook.com\/profile.php?id=61567521530908","article_modified_time":"2026-04-12T13:52:40+00:00","og_image":[{"width":1200,"height":675,"url":"https:\/\/localhome.vn\/uploads\/2025\/02\/stie-images-logo-1202.png","type":"image\/png"}],"twitter_card":"summary_large_image","twitter_misc":{"\u01af\u1edbc t\u00ednh th\u1eddi gian \u0111\u1ecdc":"3 ph\u00fat"},"schema":{"@context":"https:\/\/schema.org","@graph":[{"@type":"WebPage","@id":"https:\/\/localhome.vn\/thong-tin-dich-vu-homestay\/","url":"https:\/\/localhome.vn\/thong-tin-dich-vu-homestay\/","name":"Th\u00f4ng tin d\u1ecbch v\u1ee5 homestay - Localhome","isPartOf":{"@id":"https:\/\/localhome.vn\/#website"},"datePublished":"2026-04-12T13:26:12+00:00","dateModified":"2026-04-12T13:52:40+00:00","breadcrumb":{"@id":"https:\/\/localhome.vn\/thong-tin-dich-vu-homestay\/#breadcrumb"},"inLanguage":"vi","potentialAction":[{"@type":"ReadAction","target":["https:\/\/localhome.vn\/thong-tin-dich-vu-homestay\/"]}]},{"@type":"BreadcrumbList","@id":"https:\/\/localhome.vn\/thong-tin-dich-vu-homestay\/#breadcrumb","itemListElement":[{"@type":"ListItem","position":1,"name":"Home","item":"https:\/\/localhome.vn\/"},{"@type":"ListItem","position":2,"name":"Th\u00f4ng tin d\u1ecbch v\u1ee5 homestay"}]},{"@type":"WebSite","@id":"https:\/\/localhome.vn\/#website","url":"https:\/\/localhome.vn\/","name":"Localhome","description":"Homestay t\u1ef1 \u0111\u1ed9ng kh\u00f4ng l\u1ec5 t\u00e2n","publisher":{"@id":"https:\/\/localhome.vn\/#organization"},"potentialAction":[{"@type":"SearchAction","target":{"@type":"EntryPoint","urlTemplate":"https:\/\/localhome.vn\/?s={search_term_string}"},"query-input":{"@type":"PropertyValueSpecification","valueRequired":true,"valueName":"search_term_string"}}],"inLanguage":"vi"},{"@type":"Organization","@id":"https:\/\/localhome.vn\/#organization","name":"Localhome","url":"https:\/\/localhome.vn\/","logo":{"@type":"ImageObject","inLanguage":"vi","@id":"https:\/\/localhome.vn\/#\/schema\/logo\/image\/","url":"https:\/\/localhome.vn\/uploads\/2024\/10\/favicon-localhome.png","contentUrl":"https:\/\/localhome.vn\/uploads\/2024\/10\/favicon-localhome.png","width":512,"height":512,"caption":"Localhome"},"image":{"@id":"https:\/\/localhome.vn\/#\/schema\/logo\/image\/"},"sameAs":["https:\/\/www.facebook.com\/profile.php?id=61567521530908"]}]}},"_links":{"self":[{"href":"https:\/\/localhome.vn\/wp-json\/wp\/v2\/pages\/4953","targetHints":{"allow":["GET"]}}],"collection":[{"href":"https:\/\/localhome.vn\/wp-json\/wp\/v2\/pages"}],"about":[{"href":"https:\/\/localhome.vn\/wp-json\/wp\/v2\/types\/page"}],"author":[{"embeddable":true,"href":"https:\/\/localhome.vn\/wp-json\/wp\/v2\/users\/30"}],"replies":[{"embeddable":true,"href":"https:\/\/localhome.vn\/wp-json\/wp\/v2\/comments?post=4953"}],"version-history":[{"count":4,"href":"https:\/\/localhome.vn\/wp-json\/wp\/v2\/pages\/4953\/revisions"}],"predecessor-version":[{"id":4969,"href":"https:\/\/localhome.vn\/wp-json\/wp\/v2\/pages\/4953\/revisions\/4969"}],"wp:attachment":[{"href":"https:\/\/localhome.vn\/wp-json\/wp\/v2\/media?parent=4953"}],"curies":[{"name":"wp","href":"https:\/\/api.w.org\/{rel}","templated":true}]}}