{"id":4955,"date":"2026-04-12T20:23:27","date_gmt":"2026-04-12T13:23:27","guid":{"rendered":"https:\/\/localhome.vn\/?page_id=4955"},"modified":"2026-05-13T10:20:08","modified_gmt":"2026-05-13T03:20:08","slug":"chinh-sach-huy-phong-hoa-tien","status":"publish","type":"page","link":"https:\/\/localhome.vn\/chinh-sach-huy-phong-hoa-tien\/","title":{"rendered":"Ch\u00ednh s\u00e1ch h\u1ee7y ph\u00f2ng &amp; ho\u00e0n ti\u1ec1n"},"content":{"rendered":"\n<p>Local Home lu\u00f4n c\u1ed1 g\u1eafng mang \u0111\u1ebfn s\u1ef1 linh ho\u1ea1t t\u1ed1i \u0111a cho kh\u00e1ch h\u00e0ng khi c\u00f3 nhu c\u1ea7u h\u1ee7y \u0111\u1eb7t ph\u00f2ng. Quy tr\u00ecnh h\u1ee7y ph\u00f2ng v\u00e0 m\u1ee9c ph\u00ed \u00e1p d\u1ee5ng \u0111\u01b0\u1ee3c quy \u0111\u1ecbnh r\u00f5 r\u00e0ng nh\u01b0 sau:<\/p>\n\n\n\n<h2 class=\"wp-block-heading\">1. Quy tr\u00ecnh h\u1ee7y \u0111\u1eb7t ph\u00f2ng<\/h2>\n\n\n\n<p>Kh\u00e1ch h\u00e0ng vui l\u00f2ng li\u00ean h\u1ec7 v\u1edbi Local Home \u0111\u1ec3 th\u1ef1c hi\u1ec7n h\u1ee7y \u0111\u1eb7t ph\u00f2ng th\u00f4ng qua m\u1ed9t trong c\u00e1c h\u00ecnh th\u1ee9c sau:<\/p>\n\n\n\n<ul class=\"wp-block-list\">\n<li>G\u1ecdi \u0111i\u1ec7n tho\u1ea1i ho\u1eb7c Zalo t\u1edbi s\u1ed1 \u0111i\u1ec7n tho\u1ea1i hotline chi nh\u00e1nh tr\u00ean v\u00e9 (Ticket).<\/li>\n\n\n\n<li>Li\u00ean h\u1ec7 v\u1edbi nh\u00e2n vi\u00ean ph\u1ee5 tr\u00e1ch \u0111\u1eb7t ph\u00f2ng c\u1ee7a qu\u00fd kh\u00e1ch<\/li>\n<\/ul>\n\n\n\n<p>Ch\u00fang t\u00f4i khuy\u1ebfn ngh\u1ecb kh\u00e1ch h\u00e0ng n\u00ean th\u1ef1c hi\u1ec7n h\u1ee7y ph\u00f2ng c\u00e0ng s\u1edbm c\u00e0ng t\u1ed1t \u0111\u1ec3 gi\u1ea3m thi\u1ec3u m\u1ee9c ph\u00ed ph\u1ea3i ch\u1ecbu (n\u1ebfu c\u00f3).<\/p>\n\n\n\n<h2 class=\"wp-block-heading\">2. Ch\u00ednh s\u00e1ch h\u1ee7y ph\u00f2ng<\/h2>\n\n\n\n<p>M\u1ee9c ph\u00ed h\u1ee7y ph\u00f2ng s\u1ebd \u0111\u01b0\u1ee3c t\u00ednh d\u1ef1a tr\u00ean th\u1eddi gian th\u00f4ng b\u00e1o tr\u01b0\u1edbc so v\u1edbi gi\u1edd nh\u1eadn ph\u00f2ng \u0111\u00e3 x\u00e1c nh\u1eadn, c\u1ee5 th\u1ec3 nh\u01b0 sau:<\/p>\n\n\n\n<ul class=\"wp-block-list\">\n<li><strong>H\u1ee7y ph\u00f2ng tr\u01b0\u1edbc 24 ti\u1ebfng<\/strong>&nbsp;so v\u1edbi gi\u1edd nh\u1eadn ph\u00f2ng: ch\u1ecbu ph\u00ed&nbsp;<strong>30%<\/strong>&nbsp;gi\u00e1 tr\u1ecb \u0111\u1eb7t ph\u00f2ng.<\/li>\n\n\n\n<li>H\u1ee7y ph\u00f2ng trong kho\u1ea3ng <strong>6 &#8211; 23 ti\u1ebfng<\/strong> tr\u01b0\u1edbc gi\u1edd nh\u1eadn ph\u00f2ng: ch\u1ecbu ph\u00ed <strong>40%<\/strong> gi\u00e1 tr\u1ecb \u0111\u1eb7t ph\u00f2ng.<\/li>\n\n\n\n<li>H\u1ee7y ph\u00f2ng trong kho\u1ea3ng <strong>3 &#8211; 6 ti\u1ebfng<\/strong> tr\u01b0\u1edbc gi\u1edd nh\u1eadn ph\u00f2ng: <strong>kh\u00f4ng \u0111\u01b0\u1ee3c ho\u00e0n ti\u1ec1n<\/strong>, ch\u1ec9 \u0111\u01b0\u1ee3c b\u1ea3o l\u01b0u \u0111\u1eb7t ph\u00f2ng (t\u00f9y theo ch\u00ednh s\u00e1ch t\u1eebng th\u1eddi \u0111i\u1ec3m).<\/li>\n\n\n\n<li>C\u1eadn gi\u1edd nh\u1eadn ph\u00f2ng ( ngh\u0129a l\u00e0 trong kho\u1ea3ng <strong>ch\u01b0a \u0111\u1ebfn 3 ti\u1ebfng<\/strong> l\u00e0 \u0111\u1ebfn gi\u1edd nh\u1eadn ph\u00f2ng) qu\u00fd kh\u00e1ch c\u00f3 c\u00f4ng vi\u1ec7c \u0111\u1ed9t xu\u1ea5t t\u00f9y v\u00e0o th\u1eddi \u0111i\u1ec3m nh\u00e2n vi\u00ean s\u1ebd h\u1ed7 tr\u1ee3 \u0111\u1ed5i gi\u1edd ho\u1eb7c b\u1ea3o l\u01b0u 1 ph\u1ea7n.<\/li>\n<\/ul>\n\n\n\n<p>Local Home cam k\u1ebft \u00e1p d\u1ee5ng ch\u00ednh s\u00e1ch h\u1ee7y ph\u00f2ng m\u1ed9t c\u00e1ch c\u00f4ng b\u1eb1ng v\u00e0 minh b\u1ea1ch. To\u00e0n b\u1ed9 th\u00f4ng tin v\u1ec1 ph\u00ed h\u1ee7y s\u1ebd \u0111\u01b0\u1ee3c th\u00f4ng b\u00e1o r\u00f5 r\u00e0ng cho kh\u00e1ch h\u00e0ng tr\u01b0\u1edbc khi x\u00e1c nh\u1eadn h\u1ee7y ph\u00f2ng.<\/p>\n","protected":false},"excerpt":{"rendered":"<p>Local Home lu\u00f4n c\u1ed1 g\u1eafng mang \u0111\u1ebfn s\u1ef1 linh ho\u1ea1t t\u1ed1i \u0111a cho kh\u00e1ch h\u00e0ng khi c\u00f3 nhu c\u1ea7u h\u1ee7y \u0111\u1eb7t ph\u00f2ng. Quy tr\u00ecnh h\u1ee7y ph\u00f2ng v\u00e0 m\u1ee9c ph\u00ed \u00e1p d\u1ee5ng \u0111\u01b0\u1ee3c quy \u0111\u1ecbnh r\u00f5 r\u00e0ng nh\u01b0 sau: 1. Quy tr\u00ecnh h\u1ee7y \u0111\u1eb7t ph\u00f2ng Kh\u00e1ch&#8230;<\/p>\n","protected":false},"author":30,"featured_media":0,"parent":0,"menu_order":0,"comment_status":"closed","ping_status":"closed","template":"","meta":{"footnotes":""},"class_list":["post-4955","page","type-page","status-publish","hentry"],"yoast_head":"<!-- This site is optimized with the Yoast SEO plugin v27.5 - https:\/\/yoast.com\/product\/yoast-seo-wordpress\/ -->\n<title>Ch\u00ednh s\u00e1ch h\u1ee7y ph\u00f2ng &amp; ho\u00e0n ti\u1ec1n - Localhome<\/title>\n<meta name=\"robots\" content=\"index, follow, max-snippet:-1, max-image-preview:large, max-video-preview:-1\" \/>\n<link rel=\"canonical\" href=\"https:\/\/localhome.vn\/chinh-sach-huy-phong-hoa-tien\/\" \/>\n<meta property=\"og:locale\" content=\"vi_VN\" \/>\n<meta property=\"og:type\" content=\"article\" \/>\n<meta property=\"og:title\" content=\"Ch\u00ednh s\u00e1ch h\u1ee7y ph\u00f2ng &amp; ho\u00e0n ti\u1ec1n - Localhome\" \/>\n<meta property=\"og:description\" content=\"Local Home lu\u00f4n c\u1ed1 g\u1eafng mang \u0111\u1ebfn s\u1ef1 linh ho\u1ea1t t\u1ed1i \u0111a cho kh\u00e1ch h\u00e0ng khi c\u00f3 nhu c\u1ea7u h\u1ee7y \u0111\u1eb7t ph\u00f2ng. Quy tr\u00ecnh h\u1ee7y ph\u00f2ng v\u00e0 m\u1ee9c ph\u00ed \u00e1p d\u1ee5ng \u0111\u01b0\u1ee3c quy \u0111\u1ecbnh r\u00f5 r\u00e0ng nh\u01b0 sau: 1. Quy tr\u00ecnh h\u1ee7y \u0111\u1eb7t ph\u00f2ng Kh\u00e1ch...\" \/>\n<meta property=\"og:url\" content=\"https:\/\/localhome.vn\/chinh-sach-huy-phong-hoa-tien\/\" \/>\n<meta property=\"og:site_name\" content=\"Localhome\" \/>\n<meta property=\"article:publisher\" content=\"https:\/\/www.facebook.com\/profile.php?id=61567521530908\" \/>\n<meta property=\"article:modified_time\" content=\"2026-05-13T03:20:08+00:00\" \/>\n<meta property=\"og:image\" content=\"https:\/\/localhome.vn\/uploads\/2025\/02\/stie-images-logo-1202.png\" \/>\n\t<meta property=\"og:image:width\" content=\"1200\" \/>\n\t<meta property=\"og:image:height\" content=\"675\" \/>\n\t<meta property=\"og:image:type\" content=\"image\/png\" \/>\n<meta name=\"twitter:card\" content=\"summary_large_image\" \/>\n<meta name=\"twitter:label1\" content=\"\u01af\u1edbc t\u00ednh th\u1eddi gian \u0111\u1ecdc\" \/>\n\t<meta name=\"twitter:data1\" content=\"2 ph\u00fat\" \/>\n<script type=\"application\/ld+json\" class=\"yoast-schema-graph\">{\"@context\":\"https:\\\/\\\/schema.org\",\"@graph\":[{\"@type\":\"WebPage\",\"@id\":\"https:\\\/\\\/localhome.vn\\\/chinh-sach-huy-phong-hoa-tien\\\/\",\"url\":\"https:\\\/\\\/localhome.vn\\\/chinh-sach-huy-phong-hoa-tien\\\/\",\"name\":\"Ch\u00ednh s\u00e1ch h\u1ee7y ph\u00f2ng &amp; ho\u00e0n ti\u1ec1n - Localhome\",\"isPartOf\":{\"@id\":\"https:\\\/\\\/localhome.vn\\\/#website\"},\"datePublished\":\"2026-04-12T13:23:27+00:00\",\"dateModified\":\"2026-05-13T03:20:08+00:00\",\"breadcrumb\":{\"@id\":\"https:\\\/\\\/localhome.vn\\\/chinh-sach-huy-phong-hoa-tien\\\/#breadcrumb\"},\"inLanguage\":\"vi\",\"potentialAction\":[{\"@type\":\"ReadAction\",\"target\":[\"https:\\\/\\\/localhome.vn\\\/chinh-sach-huy-phong-hoa-tien\\\/\"]}]},{\"@type\":\"BreadcrumbList\",\"@id\":\"https:\\\/\\\/localhome.vn\\\/chinh-sach-huy-phong-hoa-tien\\\/#breadcrumb\",\"itemListElement\":[{\"@type\":\"ListItem\",\"position\":1,\"name\":\"Home\",\"item\":\"https:\\\/\\\/localhome.vn\\\/\"},{\"@type\":\"ListItem\",\"position\":2,\"name\":\"Ch\u00ednh s\u00e1ch h\u1ee7y ph\u00f2ng &amp; ho\u00e0n ti\u1ec1n\"}]},{\"@type\":\"WebSite\",\"@id\":\"https:\\\/\\\/localhome.vn\\\/#website\",\"url\":\"https:\\\/\\\/localhome.vn\\\/\",\"name\":\"Localhome\",\"description\":\"Homestay t\u1ef1 \u0111\u1ed9ng kh\u00f4ng l\u1ec5 t\u00e2n\",\"publisher\":{\"@id\":\"https:\\\/\\\/localhome.vn\\\/#organization\"},\"potentialAction\":[{\"@type\":\"SearchAction\",\"target\":{\"@type\":\"EntryPoint\",\"urlTemplate\":\"https:\\\/\\\/localhome.vn\\\/?s={search_term_string}\"},\"query-input\":{\"@type\":\"PropertyValueSpecification\",\"valueRequired\":true,\"valueName\":\"search_term_string\"}}],\"inLanguage\":\"vi\"},{\"@type\":\"Organization\",\"@id\":\"https:\\\/\\\/localhome.vn\\\/#organization\",\"name\":\"Localhome\",\"url\":\"https:\\\/\\\/localhome.vn\\\/\",\"logo\":{\"@type\":\"ImageObject\",\"inLanguage\":\"vi\",\"@id\":\"https:\\\/\\\/localhome.vn\\\/#\\\/schema\\\/logo\\\/image\\\/\",\"url\":\"https:\\\/\\\/localhome.vn\\\/uploads\\\/2024\\\/10\\\/favicon-localhome.png\",\"contentUrl\":\"https:\\\/\\\/localhome.vn\\\/uploads\\\/2024\\\/10\\\/favicon-localhome.png\",\"width\":512,\"height\":512,\"caption\":\"Localhome\"},\"image\":{\"@id\":\"https:\\\/\\\/localhome.vn\\\/#\\\/schema\\\/logo\\\/image\\\/\"},\"sameAs\":[\"https:\\\/\\\/www.facebook.com\\\/profile.php?id=61567521530908\"]}]}<\/script>\n<!-- \/ Yoast SEO plugin. -->","yoast_head_json":{"title":"Ch\u00ednh s\u00e1ch h\u1ee7y ph\u00f2ng &amp; ho\u00e0n ti\u1ec1n - Localhome","robots":{"index":"index","follow":"follow","max-snippet":"max-snippet:-1","max-image-preview":"max-image-preview:large","max-video-preview":"max-video-preview:-1"},"canonical":"https:\/\/localhome.vn\/chinh-sach-huy-phong-hoa-tien\/","og_locale":"vi_VN","og_type":"article","og_title":"Ch\u00ednh s\u00e1ch h\u1ee7y ph\u00f2ng &amp; ho\u00e0n ti\u1ec1n - Localhome","og_description":"Local Home lu\u00f4n c\u1ed1 g\u1eafng mang \u0111\u1ebfn s\u1ef1 linh ho\u1ea1t t\u1ed1i \u0111a cho kh\u00e1ch h\u00e0ng khi c\u00f3 nhu c\u1ea7u h\u1ee7y \u0111\u1eb7t ph\u00f2ng. Quy tr\u00ecnh h\u1ee7y ph\u00f2ng v\u00e0 m\u1ee9c ph\u00ed \u00e1p d\u1ee5ng \u0111\u01b0\u1ee3c quy \u0111\u1ecbnh r\u00f5 r\u00e0ng nh\u01b0 sau: 1. Quy tr\u00ecnh h\u1ee7y \u0111\u1eb7t ph\u00f2ng Kh\u00e1ch...","og_url":"https:\/\/localhome.vn\/chinh-sach-huy-phong-hoa-tien\/","og_site_name":"Localhome","article_publisher":"https:\/\/www.facebook.com\/profile.php?id=61567521530908","article_modified_time":"2026-05-13T03:20:08+00:00","og_image":[{"width":1200,"height":675,"url":"https:\/\/localhome.vn\/uploads\/2025\/02\/stie-images-logo-1202.png","type":"image\/png"}],"twitter_card":"summary_large_image","twitter_misc":{"\u01af\u1edbc t\u00ednh th\u1eddi gian \u0111\u1ecdc":"2 ph\u00fat"},"schema":{"@context":"https:\/\/schema.org","@graph":[{"@type":"WebPage","@id":"https:\/\/localhome.vn\/chinh-sach-huy-phong-hoa-tien\/","url":"https:\/\/localhome.vn\/chinh-sach-huy-phong-hoa-tien\/","name":"Ch\u00ednh s\u00e1ch h\u1ee7y ph\u00f2ng &amp; ho\u00e0n ti\u1ec1n - Localhome","isPartOf":{"@id":"https:\/\/localhome.vn\/#website"},"datePublished":"2026-04-12T13:23:27+00:00","dateModified":"2026-05-13T03:20:08+00:00","breadcrumb":{"@id":"https:\/\/localhome.vn\/chinh-sach-huy-phong-hoa-tien\/#breadcrumb"},"inLanguage":"vi","potentialAction":[{"@type":"ReadAction","target":["https:\/\/localhome.vn\/chinh-sach-huy-phong-hoa-tien\/"]}]},{"@type":"BreadcrumbList","@id":"https:\/\/localhome.vn\/chinh-sach-huy-phong-hoa-tien\/#breadcrumb","itemListElement":[{"@type":"ListItem","position":1,"name":"Home","item":"https:\/\/localhome.vn\/"},{"@type":"ListItem","position":2,"name":"Ch\u00ednh s\u00e1ch h\u1ee7y ph\u00f2ng &amp; ho\u00e0n ti\u1ec1n"}]},{"@type":"WebSite","@id":"https:\/\/localhome.vn\/#website","url":"https:\/\/localhome.vn\/","name":"Localhome","description":"Homestay t\u1ef1 \u0111\u1ed9ng kh\u00f4ng l\u1ec5 t\u00e2n","publisher":{"@id":"https:\/\/localhome.vn\/#organization"},"potentialAction":[{"@type":"SearchAction","target":{"@type":"EntryPoint","urlTemplate":"https:\/\/localhome.vn\/?s={search_term_string}"},"query-input":{"@type":"PropertyValueSpecification","valueRequired":true,"valueName":"search_term_string"}}],"inLanguage":"vi"},{"@type":"Organization","@id":"https:\/\/localhome.vn\/#organization","name":"Localhome","url":"https:\/\/localhome.vn\/","logo":{"@type":"ImageObject","inLanguage":"vi","@id":"https:\/\/localhome.vn\/#\/schema\/logo\/image\/","url":"https:\/\/localhome.vn\/uploads\/2024\/10\/favicon-localhome.png","contentUrl":"https:\/\/localhome.vn\/uploads\/2024\/10\/favicon-localhome.png","width":512,"height":512,"caption":"Localhome"},"image":{"@id":"https:\/\/localhome.vn\/#\/schema\/logo\/image\/"},"sameAs":["https:\/\/www.facebook.com\/profile.php?id=61567521530908"]}]}},"_links":{"self":[{"href":"https:\/\/localhome.vn\/wp-json\/wp\/v2\/pages\/4955","targetHints":{"allow":["GET"]}}],"collection":[{"href":"https:\/\/localhome.vn\/wp-json\/wp\/v2\/pages"}],"about":[{"href":"https:\/\/localhome.vn\/wp-json\/wp\/v2\/types\/page"}],"author":[{"embeddable":true,"href":"https:\/\/localhome.vn\/wp-json\/wp\/v2\/users\/30"}],"replies":[{"embeddable":true,"href":"https:\/\/localhome.vn\/wp-json\/wp\/v2\/comments?post=4955"}],"version-history":[{"count":5,"href":"https:\/\/localhome.vn\/wp-json\/wp\/v2\/pages\/4955\/revisions"}],"predecessor-version":[{"id":5150,"href":"https:\/\/localhome.vn\/wp-json\/wp\/v2\/pages\/4955\/revisions\/5150"}],"wp:attachment":[{"href":"https:\/\/localhome.vn\/wp-json\/wp\/v2\/media?parent=4955"}],"curies":[{"name":"wp","href":"https:\/\/api.w.org\/{rel}","templated":true}]}}